{"id":98522,"date":"2023-10-09T12:48:31","date_gmt":"2023-10-09T10:48:31","guid":{"rendered":"https:\/\/pgwear.net\/p\/ss24-recznik-fans-on-vacations\/"},"modified":"2026-03-27T12:43:27","modified_gmt":"2026-03-27T11:43:27","slug":"beach-towel-fans-on-vacations","status":"publish","type":"product","link":"https:\/\/pgwear.net\/pl\/p\/beach-towel-fans-on-vacations\/","title":{"rendered":"R\u0119cznik \u201cFans on Vacations\u201d"},"content":{"rendered":"<p>Urlop w stylu <a href=\"https:\/\/pgwear.net\/pl\/feature\/napis-ultras\/\">ultras<\/a>? To mo\u017cliwe tylko z PGWEAR! Stw\u00f3rz sw\u00f3j w\u0142asny, niepowtarzalny zestaw <a href=\"https:\/\/pgwear.net\/pl\/c\/akcesoria\/\">akcesori\u00f3w wakacyjnych<\/a>! Koniec z g\u0142upimi hawajskimi kwiatami \u2013 tylko stylowe produkty! Zgarnij ten <a href=\"https:\/\/pgwear.net\/pl\/feature\/recznik\/\">r\u0119cznik pla\u017cowy<\/a> i ciesz si\u0119 urlopem!<\/p>\n","protected":false},"excerpt":{"rendered":"<p>Urlop w stylu ultras? To mo\u017cliwe tylko z PGWEAR! Stw\u00f3rz sw\u00f3j w\u0142asny, niepowtarzalny zestaw akcesori\u00f3w wakacyjnych!<\/p>\n","protected":false},"featured_media":130293,"template":"","meta":{"_acf_changed":false},"product_brand":[],"product_cat":[376],"product_tag":[3614,2789],"class_list":{"0":"post-98522","1":"product","2":"type-product","3":"status-publish","4":"has-post-thumbnail","6":"product_cat-nowosci","7":"product_tag-summer-capsule","8":"product_tag-wiosna-lato-2024","9":"pa_gramatura-240-gr-m2","10":"pa_kolekcja-wiosna-lato-2024","11":"pa_material-100-bawelna-tyl","12":"pa_material-100-poliester-przod","13":"pa_nadruk-z-przodu-nadruk-na-calej-powierzchni","14":"feature-recznik","16":"first","17":"instock","18":"taxable","19":"shipping-taxable","20":"purchasable","21":"product-type-simple"},"acf":[],"_links":{"self":[{"href":"https:\/\/pgwear.net\/pl\/wp-json\/wp\/v2\/product\/98522","targetHints":{"allow":["GET"]}}],"collection":[{"href":"https:\/\/pgwear.net\/pl\/wp-json\/wp\/v2\/product"}],"about":[{"href":"https:\/\/pgwear.net\/pl\/wp-json\/wp\/v2\/types\/product"}],"wp:featuredmedia":[{"embeddable":true,"href":"https:\/\/pgwear.net\/pl\/wp-json\/wp\/v2\/media\/130293"}],"wp:attachment":[{"href":"https:\/\/pgwear.net\/pl\/wp-json\/wp\/v2\/media?parent=98522"}],"wp:term":[{"taxonomy":"product_brand","embeddable":true,"href":"https:\/\/pgwear.net\/pl\/wp-json\/wp\/v2\/product_brand?post=98522"},{"taxonomy":"product_cat","embeddable":true,"href":"https:\/\/pgwear.net\/pl\/wp-json\/wp\/v2\/product_cat?post=98522"},{"taxonomy":"product_tag","embeddable":true,"href":"https:\/\/pgwear.net\/pl\/wp-json\/wp\/v2\/product_tag?post=98522"}],"curies":[{"name":"wp","href":"https:\/\/api.w.org\/{rel}","templated":true}]}}