{"id":98524,"date":"2023-10-09T12:48:27","date_gmt":"2023-10-09T10:48:27","guid":{"rendered":"https:\/\/pgwear.net\/p\/ss24-flaga-food-porn\/"},"modified":"2026-03-26T13:43:24","modified_gmt":"2026-03-26T12:43:24","slug":"flaga-food-porn","status":"publish","type":"product","link":"https:\/\/pgwear.net\/pl\/p\/flaga-food-porn\/","title":{"rendered":"Flaga &#8220;Food Porn&#8221;"},"content":{"rendered":"<p>Ta kombinacja wyst\u0119puje na wi\u0119kszo\u015bci stadion\u00f3w w Europie. Mo\u017ce wygl\u0105da\u0107 troch\u0119 inaczej, ale esencja pozostaje ta sama! To po\u0142\u0105czenie <a href=\"https:\/\/pgwear.net\/pl\/feature\/motyw-piwa\/\">piwa<\/a> i kie\u0142basy! Niewa\u017cne, kim jeste\u015b, ultrasem, chuliganem, zwyk\u0142ym fanem pi\u0142ki no\u017cnej czy groundhopperem, nie oprzesz si\u0119 pokusie zam\u00f3wienia tego zestawu! Znacznie lepsze ni\u017c kawior i\u2026 \ud83d\ude09 Rozpowszechniaj to has\u0142o z pomoc\u0105 <a href=\"https:\/\/pgwear.net\/pl\/feature\/flaga\/\">flagi od PGWEAR<\/a> na ka\u017cdym stadionie na ca\u0142ym \u015bwiecie!<\/p>\n","protected":false},"excerpt":{"rendered":"<p>Ta kombinacja wyst\u0119puje na wi\u0119kszo\u015bci stadion\u00f3w w Europie. Mo\u017ce wygl\u0105da\u0107 troch\u0119 inaczej, ale esencja pozostaje ta sama! To po\u0142\u0105czenie piwa i kie\u0142basy! Niewa\u017cne, kim jeste\u015b, ultrasem, chuliganem, zwyk\u0142ym fanem pi\u0142ki no\u017cnej czy groundhopperem, nie oprzesz si\u0119 pokusie zam\u00f3wienia tego zestawu!<\/p>\n","protected":false},"featured_media":130104,"template":"","meta":{"_acf_changed":false},"product_brand":[],"product_cat":[376],"product_tag":[2789],"class_list":{"0":"post-98524","1":"product","2":"type-product","3":"status-publish","4":"has-post-thumbnail","6":"product_cat-nowosci","7":"product_tag-wiosna-lato-2024","8":"pa_kolekcja-wiosna-lato-2024","9":"pa_kolor-czarny","10":"pa_material-100-poliester","11":"pa_nadruk-nadruk-na-calej-powierzchni","12":"feature-flaga","13":"feature-motyw-piwa","15":"first","16":"instock","17":"sale","18":"taxable","19":"shipping-taxable","20":"purchasable","21":"product-type-simple"},"acf":[],"_links":{"self":[{"href":"https:\/\/pgwear.net\/pl\/wp-json\/wp\/v2\/product\/98524","targetHints":{"allow":["GET"]}}],"collection":[{"href":"https:\/\/pgwear.net\/pl\/wp-json\/wp\/v2\/product"}],"about":[{"href":"https:\/\/pgwear.net\/pl\/wp-json\/wp\/v2\/types\/product"}],"wp:featuredmedia":[{"embeddable":true,"href":"https:\/\/pgwear.net\/pl\/wp-json\/wp\/v2\/media\/130104"}],"wp:attachment":[{"href":"https:\/\/pgwear.net\/pl\/wp-json\/wp\/v2\/media?parent=98524"}],"wp:term":[{"taxonomy":"product_brand","embeddable":true,"href":"https:\/\/pgwear.net\/pl\/wp-json\/wp\/v2\/product_brand?post=98524"},{"taxonomy":"product_cat","embeddable":true,"href":"https:\/\/pgwear.net\/pl\/wp-json\/wp\/v2\/product_cat?post=98524"},{"taxonomy":"product_tag","embeddable":true,"href":"https:\/\/pgwear.net\/pl\/wp-json\/wp\/v2\/product_tag?post=98524"}],"curies":[{"name":"wp","href":"https:\/\/api.w.org\/{rel}","templated":true}]}}