{"id":98536,"date":"2023-10-09T12:48:27","date_gmt":"2023-10-09T10:48:27","guid":{"rendered":"https:\/\/pgwear.net\/p\/ss24-czapka-rybaczka-voyager-oliwkowa\/"},"modified":"2026-04-02T09:55:29","modified_gmt":"2026-04-02T07:55:29","slug":"bucket-hat-voyager-olive","status":"publish","type":"product","link":"https:\/\/pgwear.net\/pl\/p\/bucket-hat-voyager-olive\/","title":{"rendered":"Czapka Rybaczka \u201cVoyager\u201d Oliwkowa"},"content":{"rendered":"<p>Absolutny hit ostatnich lat! <a href=\"https:\/\/pgwear.net\/pl\/feature\/rybaczka\/\">Czapka rybaczka<\/a>! Spraw sobie jedn\u0105 od PGWEAR i no\u015b j\u0105 zar\u00f3wno na ulicy jak i na stadionie! Minimalistyczny design sprawi, \u017ce ten produkt stanie si\u0119 twoim ulubionym dodatkiem! Dost\u0119pna w trzech wersjach kolorystycznych.<\/p>\n","protected":false},"excerpt":{"rendered":"<p>Absolutny hit ostatnich lat! Czapka rybaczka! Spraw sobie jedn\u0105 od PGWEAR i no\u015b j\u0105 zar\u00f3wno na ulicy jak i na stadionie!<\/p>\n","protected":false},"featured_media":131972,"template":"","meta":{"_acf_changed":false},"product_brand":[],"product_cat":[374,376,3509],"product_tag":[1974,3277,2789],"class_list":{"0":"post-98536","1":"product","2":"type-product","3":"status-publish","4":"has-post-thumbnail","6":"product_cat-czapki","7":"product_cat-nowosci","8":"product_cat-rybaczki","9":"product_tag-no-respect","10":"product_tag-ostatnie-sztuki","11":"product_tag-wiosna-lato-2024","12":"pa_gramatura-100-gr-m2","13":"pa_kolekcja-wiosna-lato-2024","14":"pa_kolor-oliwkowy","15":"pa_material-100-poliester","16":"feature-rybaczka","18":"first","19":"instock","20":"sale","21":"taxable","22":"shipping-taxable","23":"purchasable","24":"product-type-simple"},"acf":[],"_links":{"self":[{"href":"https:\/\/pgwear.net\/pl\/wp-json\/wp\/v2\/product\/98536","targetHints":{"allow":["GET"]}}],"collection":[{"href":"https:\/\/pgwear.net\/pl\/wp-json\/wp\/v2\/product"}],"about":[{"href":"https:\/\/pgwear.net\/pl\/wp-json\/wp\/v2\/types\/product"}],"wp:featuredmedia":[{"embeddable":true,"href":"https:\/\/pgwear.net\/pl\/wp-json\/wp\/v2\/media\/131972"}],"wp:attachment":[{"href":"https:\/\/pgwear.net\/pl\/wp-json\/wp\/v2\/media?parent=98536"}],"wp:term":[{"taxonomy":"product_brand","embeddable":true,"href":"https:\/\/pgwear.net\/pl\/wp-json\/wp\/v2\/product_brand?post=98536"},{"taxonomy":"product_cat","embeddable":true,"href":"https:\/\/pgwear.net\/pl\/wp-json\/wp\/v2\/product_cat?post=98536"},{"taxonomy":"product_tag","embeddable":true,"href":"https:\/\/pgwear.net\/pl\/wp-json\/wp\/v2\/product_tag?post=98536"}],"curies":[{"name":"wp","href":"https:\/\/api.w.org\/{rel}","templated":true}]}}