{"id":98544,"date":"2023-10-09T12:48:30","date_gmt":"2023-10-09T10:48:30","guid":{"rendered":"https:\/\/pgwear.net\/p\/ss24-pasek-marc-oliwkowy\/"},"modified":"2026-02-16T07:44:02","modified_gmt":"2026-02-16T06:44:02","slug":"pasek-marc-oliwkowy","status":"publish","type":"product","link":"https:\/\/pgwear.net\/pl\/p\/pasek-marc-oliwkowy\/","title":{"rendered":"Pasek &#8220;Marc&#8221; Oliwkowy"},"content":{"rendered":"<p>Styl <a href=\"https:\/\/pgwear.net\/pl\/feature\/napis-ultras\/\">Ultras<\/a> to styl, w kt\u00f3rym swoboda spotyka si\u0119 z funkcjonalno\u015bci\u0105 i wygod\u0105 niezb\u0119dn\u0105 zar\u00f3wno na ulicy, jak i na stadionie! Nigdy nie b\u0119dzie on kompletny bez odpowiednich <a href=\"https:\/\/pgwear.net\/pl\/c\/akcesoria\/\">akcesori\u00f3w<\/a>. Z dum\u0105 prezentujemy <a href=\"https:\/\/pgwear.net\/pl\/feature\/pasek\/\">pasek<\/a> MARC od PGWEAR Ultras Shop z ma\u0142\u0105, ukryt\u0105 zapinan\u0105 na zamek kieszonk\u0105 &#8211; idealny dodatek do garderoby ka\u017cdego fana pi\u0142ki no\u017cnej! Dost\u0119pny w trzech kolorach!<\/p>\n","protected":false},"excerpt":{"rendered":"<p>Styl Ultras to styl, w kt\u00f3rym swoboda spotyka si\u0119 z funkcjonalno\u015bci\u0105 i wygod\u0105 niezb\u0119dn\u0105 zar\u00f3wno na ulicy, jak i na stadionie! Nigdy nie b\u0119dzie on kompletny bez odpowiednich akcesori\u00f3w.<\/p>\n","protected":false},"featured_media":130068,"template":"","meta":{"_acf_changed":false},"product_brand":[],"product_cat":[376],"product_tag":[3277,2789],"class_list":{"0":"post-98544","1":"product","2":"type-product","3":"status-publish","4":"has-post-thumbnail","6":"product_cat-nowosci","7":"product_tag-ostatnie-sztuki","8":"product_tag-wiosna-lato-2024","9":"pa_kolekcja-wiosna-lato-2024","10":"pa_kolor-oliwkowy","11":"pa_material-100-bawelna","12":"pa_rozmiar-115cm","13":"pa_rozmiar-130cm","14":"feature-pasek","16":"first","17":"outofstock","18":"taxable","19":"shipping-taxable","20":"product-type-variable"},"acf":[],"_links":{"self":[{"href":"https:\/\/pgwear.net\/pl\/wp-json\/wp\/v2\/product\/98544","targetHints":{"allow":["GET"]}}],"collection":[{"href":"https:\/\/pgwear.net\/pl\/wp-json\/wp\/v2\/product"}],"about":[{"href":"https:\/\/pgwear.net\/pl\/wp-json\/wp\/v2\/types\/product"}],"wp:featuredmedia":[{"embeddable":true,"href":"https:\/\/pgwear.net\/pl\/wp-json\/wp\/v2\/media\/130068"}],"wp:attachment":[{"href":"https:\/\/pgwear.net\/pl\/wp-json\/wp\/v2\/media?parent=98544"}],"wp:term":[{"taxonomy":"product_brand","embeddable":true,"href":"https:\/\/pgwear.net\/pl\/wp-json\/wp\/v2\/product_brand?post=98544"},{"taxonomy":"product_cat","embeddable":true,"href":"https:\/\/pgwear.net\/pl\/wp-json\/wp\/v2\/product_cat?post=98544"},{"taxonomy":"product_tag","embeddable":true,"href":"https:\/\/pgwear.net\/pl\/wp-json\/wp\/v2\/product_tag?post=98544"}],"curies":[{"name":"wp","href":"https:\/\/api.w.org\/{rel}","templated":true}]}}