{"id":98585,"date":"2023-10-09T12:48:47","date_gmt":"2023-10-09T10:48:47","guid":{"rendered":"https:\/\/pgwear.net\/p\/ss24-spodenki-cargo-squad-ii-granatowa\/"},"modified":"2026-04-01T12:55:33","modified_gmt":"2026-04-01T10:55:33","slug":"spodenki-cargo-squad-ii-granatowa","status":"publish","type":"product","link":"https:\/\/pgwear.net\/pl\/p\/spodenki-cargo-squad-ii-granatowa\/","title":{"rendered":"Spodenki Cargo &#8220;Squad II&#8221; Granatowa"},"content":{"rendered":"<p>Te kr\u00f3tkie, minimalistyczne i lekkie <a href=\"https:\/\/pgwear.net\/pl\/material\/100-bawelna\/\">bawe\u0142niane<\/a> <a href=\"https:\/\/pgwear.net\/pl\/c\/spodenki\/\">spodenki<\/a> to idealny wyb\u00f3r na gor\u0105ce letnie dni, kiedy jeste\u015b w wielogodzinnej podr\u00f3\u017cy na <a href=\"https:\/\/pgwear.net\/pl\/feature\/wyjazd\/\">mecz wyjazdowy<\/a> ze swoimi lojalnymi przyjaci\u00f3\u0142mi. Najwy\u017cszy komfort noszenia oraz styl gwarantowany! Produkt dost\u0119pny w czterech wersjach kolorystycznych!<\/p>\n","protected":false},"excerpt":{"rendered":"<p>Te kr\u00f3tkie, minimalistyczne i lekkie bawe\u0142niane spodenki to idealny wyb\u00f3r na gor\u0105ce letnie dni, kiedy jeste\u015b w wielogodzinnej podr\u00f3\u017cy na mecz wyjazdowy ze swoimi lojalnymi przyjaci\u00f3\u0142mi.<\/p>\n","protected":false},"featured_media":129960,"template":"","meta":{"_acf_changed":false},"product_brand":[],"product_cat":[3506,376,369],"product_tag":[2789],"class_list":{"0":"post-98585","1":"product","2":"type-product","3":"status-publish","4":"has-post-thumbnail","6":"product_cat-cargo-2","7":"product_cat-nowosci","8":"product_cat-spodenki","9":"product_tag-wiosna-lato-2024","10":"pa_kolor-granatowy","11":"pa_rozmiar-l","12":"pa_rozmiar-m","13":"pa_rozmiar-s","14":"pa_rozmiar-xl","15":"pa_rozmiar-xxl","16":"pa_rozmiar-xxxl","18":"first","19":"instock","20":"taxable","21":"shipping-taxable","22":"purchasable","23":"product-type-variable"},"acf":[],"_links":{"self":[{"href":"https:\/\/pgwear.net\/pl\/wp-json\/wp\/v2\/product\/98585","targetHints":{"allow":["GET"]}}],"collection":[{"href":"https:\/\/pgwear.net\/pl\/wp-json\/wp\/v2\/product"}],"about":[{"href":"https:\/\/pgwear.net\/pl\/wp-json\/wp\/v2\/types\/product"}],"wp:featuredmedia":[{"embeddable":true,"href":"https:\/\/pgwear.net\/pl\/wp-json\/wp\/v2\/media\/129960"}],"wp:attachment":[{"href":"https:\/\/pgwear.net\/pl\/wp-json\/wp\/v2\/media?parent=98585"}],"wp:term":[{"taxonomy":"product_brand","embeddable":true,"href":"https:\/\/pgwear.net\/pl\/wp-json\/wp\/v2\/product_brand?post=98585"},{"taxonomy":"product_cat","embeddable":true,"href":"https:\/\/pgwear.net\/pl\/wp-json\/wp\/v2\/product_cat?post=98585"},{"taxonomy":"product_tag","embeddable":true,"href":"https:\/\/pgwear.net\/pl\/wp-json\/wp\/v2\/product_tag?post=98585"}],"curies":[{"name":"wp","href":"https:\/\/api.w.org\/{rel}","templated":true}]}}