{"id":98620,"date":"2023-09-14T11:08:41","date_gmt":"2023-09-14T09:08:41","guid":{"rendered":"https:\/\/pgwear.net\/p\/ss24-kapielowki-surfer\/"},"modified":"2026-03-06T12:12:52","modified_gmt":"2026-03-06T11:12:52","slug":"kapielowki-surfer-2","status":"publish","type":"product","link":"https:\/\/pgwear.net\/pl\/p\/kapielowki-surfer-2\/","title":{"rendered":"K\u0105piel\u00f3wki &#8220;Surfer&#8221;"},"content":{"rendered":"<p>T\u0119sknisz za latem? Jeste\u015bmy pewni, \u017ce twoja odpowied\u017a brzmi: tak! Ale letniego urlopu nie mo\u017cna sobie wyobrazi\u0107 bez stylowych i wygodnych <a href=\"https:\/\/pgwear.net\/pl\/feature\/kapielowki\/\">spodenek k\u0105pielowych<\/a>! Niewa\u017cne gdzie jeste\u015b \u2013 na ulicy czy na pla\u017cy \u2013 no\u015b ten produkt z dum\u0105! A je\u015bli ju\u017c masz sw\u00f3j egzemplarz, otw\u00f3rz <a href=\"https:\/\/pgwear.net\/pl\/feature\/motyw-piwa\/\">piwo<\/a>, zrelaksuj si\u0119 i porozmawiaj z fajnymi dziewczynami! \ud83d\ude09<\/p>\n","protected":false},"excerpt":{"rendered":"<p>T\u0119sknisz za latem? Jeste\u015bmy pewni, \u017ce twoja odpowied\u017a brzmi: tak! Ale letniego urlopu nie mo\u017cna sobie wyobrazi\u0107 bez stylowych i wygodnych spodenek k\u0105pielowych!<\/p>\n","protected":false},"featured_media":106883,"template":"","meta":{"_acf_changed":false},"product_brand":[],"product_cat":[3505,376,369],"product_tag":[3839,3277],"class_list":{"0":"post-98620","1":"product","2":"type-product","3":"status-publish","4":"has-post-thumbnail","6":"product_cat-kapielowki","7":"product_cat-nowosci","8":"product_cat-spodenki","9":"product_tag-blue-monday","10":"product_tag-ostatnie-sztuki","11":"pa_gramatura-150-gr-m2","12":"pa_kolekcja-wiosna-lato-2024","13":"pa_kolor-niebieski","14":"pa_material-100-poliester","15":"pa_nadruk-nadruk-na-calej-powierzchni","16":"pa_rozmiar-l","17":"pa_rozmiar-m","18":"pa_rozmiar-s","19":"pa_rozmiar-xl","20":"pa_rozmiar-xxl","21":"pa_rozmiar-xxxl","22":"feature-kapielowki","23":"feature-motyw-piwa","24":"feature-surfing","26":"first","27":"instock","28":"sale","29":"taxable","30":"shipping-taxable","31":"purchasable","32":"product-type-variable"},"acf":[],"_links":{"self":[{"href":"https:\/\/pgwear.net\/pl\/wp-json\/wp\/v2\/product\/98620","targetHints":{"allow":["GET"]}}],"collection":[{"href":"https:\/\/pgwear.net\/pl\/wp-json\/wp\/v2\/product"}],"about":[{"href":"https:\/\/pgwear.net\/pl\/wp-json\/wp\/v2\/types\/product"}],"wp:featuredmedia":[{"embeddable":true,"href":"https:\/\/pgwear.net\/pl\/wp-json\/wp\/v2\/media\/106883"}],"wp:attachment":[{"href":"https:\/\/pgwear.net\/pl\/wp-json\/wp\/v2\/media?parent=98620"}],"wp:term":[{"taxonomy":"product_brand","embeddable":true,"href":"https:\/\/pgwear.net\/pl\/wp-json\/wp\/v2\/product_brand?post=98620"},{"taxonomy":"product_cat","embeddable":true,"href":"https:\/\/pgwear.net\/pl\/wp-json\/wp\/v2\/product_cat?post=98620"},{"taxonomy":"product_tag","embeddable":true,"href":"https:\/\/pgwear.net\/pl\/wp-json\/wp\/v2\/product_tag?post=98620"}],"curies":[{"name":"wp","href":"https:\/\/api.w.org\/{rel}","templated":true}]}}