{"id":98627,"date":"2023-10-09T12:48:36","date_gmt":"2023-10-09T10:48:36","guid":{"rendered":"https:\/\/pgwear.net\/p\/ss24-spodenki-react-niebiesko-biale\/"},"modified":"2026-03-06T12:12:52","modified_gmt":"2026-03-06T11:12:52","slug":"spodenki-react-niebiesko-biale","status":"publish","type":"product","link":"https:\/\/pgwear.net\/pl\/p\/spodenki-react-niebiesko-biale\/","title":{"rendered":"Spodnie dresowe &#8220;React&#8221; Niebiesko\/Bia\u0142e"},"content":{"rendered":"<p>Istnieje produkt, kt\u00f3ry \u0142\u0105czy w sobie jako\u015b\u0107, styl i wygod\u0119! To s\u0105 spodnie dresowe! Niewa\u017cne gdzie jeste\u015b, na ulicy, na stadionie czy na si\u0142owni, spodnie dresowe od PGWEAR to zawsze najlepszy wyb\u00f3r! Wybierz sw\u00f3j ulubiony wariant w oparciu o kolory twojej dru\u017cyny pi\u0142karskiej! Ten model jest idealny dla fan\u00f3w klub\u00f3w takich jak DSC Arminia Bielefeld, FC Hansa Rostock, <a href=\"https:\/\/pgwear.net\/pl\/druzyna\/club-brugge-kv\/\">Club Br\u00fcgge KV<\/a> itp.<\/p>\n","protected":false},"excerpt":{"rendered":"<p>Istnieje produkt, kt\u00f3ry \u0142\u0105czy w sobie jako\u015b\u0107, styl i wygod\u0119! To s\u0105 spodnie dresowe! Niewa\u017cne gdzie jeste\u015b, na ulicy, na stadionie czy na si\u0142owni, spodnie dresowe od PGWEAR to zawsze najlepszy wyb\u00f3r!!<\/p>\n","protected":false},"featured_media":129988,"template":"","meta":{"_acf_changed":false},"product_brand":[],"product_cat":[3499,376],"product_tag":[3839,3277],"class_list":{"0":"post-98627","1":"product","2":"type-product","3":"status-publish","4":"has-post-thumbnail","6":"product_cat-dresowe","7":"product_cat-nowosci","8":"product_tag-blue-monday","9":"product_tag-ostatnie-sztuki","10":"pa_gramatura-280-gr-m2","11":"pa_kolekcja-wiosna-lato-2024","12":"pa_kolor-bialy-niebieski","13":"pa_kolor-czarny","14":"pa_kroj-klasyczny","15":"pa_material-100-poliester","16":"pa_rozmiar-l","17":"pa_rozmiar-m","18":"pa_rozmiar-s","19":"pa_rozmiar-xl","20":"pa_rozmiar-xxl","21":"pa_rozmiar-xxxl","23":"first","24":"outofstock","25":"taxable","26":"shipping-taxable","27":"product-type-variable"},"acf":[],"_links":{"self":[{"href":"https:\/\/pgwear.net\/pl\/wp-json\/wp\/v2\/product\/98627","targetHints":{"allow":["GET"]}}],"collection":[{"href":"https:\/\/pgwear.net\/pl\/wp-json\/wp\/v2\/product"}],"about":[{"href":"https:\/\/pgwear.net\/pl\/wp-json\/wp\/v2\/types\/product"}],"wp:featuredmedia":[{"embeddable":true,"href":"https:\/\/pgwear.net\/pl\/wp-json\/wp\/v2\/media\/129988"}],"wp:attachment":[{"href":"https:\/\/pgwear.net\/pl\/wp-json\/wp\/v2\/media?parent=98627"}],"wp:term":[{"taxonomy":"product_brand","embeddable":true,"href":"https:\/\/pgwear.net\/pl\/wp-json\/wp\/v2\/product_brand?post=98627"},{"taxonomy":"product_cat","embeddable":true,"href":"https:\/\/pgwear.net\/pl\/wp-json\/wp\/v2\/product_cat?post=98627"},{"taxonomy":"product_tag","embeddable":true,"href":"https:\/\/pgwear.net\/pl\/wp-json\/wp\/v2\/product_tag?post=98627"}],"curies":[{"name":"wp","href":"https:\/\/api.w.org\/{rel}","templated":true}]}}