{"id":98634,"date":"2023-10-09T12:48:34","date_gmt":"2023-10-09T10:48:34","guid":{"rendered":"https:\/\/pgwear.net\/p\/ss24-spodenki-react-niebiesko-biale-2\/"},"modified":"2026-03-19T10:45:12","modified_gmt":"2026-03-19T09:45:12","slug":"spodenki-react-czerwono-biale","status":"publish","type":"product","link":"https:\/\/pgwear.net\/pl\/p\/spodenki-react-czerwono-biale\/","title":{"rendered":"Spodnie dresowe &#8220;React&#8221; Czerwono\/Bia\u0142e"},"content":{"rendered":"<p>Istnieje produkt, kt\u00f3ry \u0142\u0105czy w sobie jako\u015b\u0107, styl i wygod\u0119! To s\u0105 spodnie dresowe! Niewa\u017cne gdzie jeste\u015b, na ulicy, na stadionie czy na si\u0142owni, spodnie dresowe od PGWEAR to zawsze najlepszy wyb\u00f3r! Wybierz sw\u00f3j ulubiony wariant w oparciu o kolory twojej dru\u017cyny pi\u0142karskiej! Ten model jest idealny dla fan\u00f3w klub\u00f3w takich jak Union Berlin, Rot Weiss Essen, Chemie Halle, <a href=\"https:\/\/pgwear.net\/pl\/druzyna\/widzew-lodz\/\">Widzew \u0141\u00f3d\u017a<\/a>, 1. FC K\u00f6ln, <a href=\"https:\/\/pgwear.net\/pl\/druzyna\/standard-liege\/\">Standard Li\u00e8ge<\/a>.<\/p>\n","protected":false},"excerpt":{"rendered":"<p>Istnieje produkt, kt\u00f3ry \u0142\u0105czy w sobie jako\u015b\u0107, styl i wygod\u0119! To s\u0105 spodnie dresowe! Niewa\u017cne gdzie jeste\u015b, na ulicy, na stadionie czy na si\u0142owni, spodnie dresowe od PGWEAR to zawsze najlepszy wyb\u00f3r!<\/p>\n","protected":false},"featured_media":130003,"template":"","meta":{"_acf_changed":false},"product_brand":[],"product_cat":[3499,376],"product_tag":[3839,3277,2789],"class_list":{"0":"post-98634","1":"product","2":"type-product","3":"status-publish","4":"has-post-thumbnail","6":"product_cat-dresowe","7":"product_cat-nowosci","8":"product_tag-blue-monday","9":"product_tag-ostatnie-sztuki","10":"product_tag-wiosna-lato-2024","11":"pa_gramatura-280-gr-m2","12":"pa_kolekcja-wiosna-lato-2024","13":"pa_kolor-bialy-czerwony","14":"pa_kolor-czarny","15":"pa_kroj-klasyczny","16":"pa_material-100-poliester","17":"pa_rozmiar-l","18":"pa_rozmiar-m","19":"pa_rozmiar-s","20":"pa_rozmiar-xl","21":"pa_rozmiar-xxl","22":"pa_rozmiar-xxxl","24":"first","25":"instock","26":"sale","27":"taxable","28":"shipping-taxable","29":"purchasable","30":"product-type-variable"},"acf":[],"_links":{"self":[{"href":"https:\/\/pgwear.net\/pl\/wp-json\/wp\/v2\/product\/98634","targetHints":{"allow":["GET"]}}],"collection":[{"href":"https:\/\/pgwear.net\/pl\/wp-json\/wp\/v2\/product"}],"about":[{"href":"https:\/\/pgwear.net\/pl\/wp-json\/wp\/v2\/types\/product"}],"wp:featuredmedia":[{"embeddable":true,"href":"https:\/\/pgwear.net\/pl\/wp-json\/wp\/v2\/media\/130003"}],"wp:attachment":[{"href":"https:\/\/pgwear.net\/pl\/wp-json\/wp\/v2\/media?parent=98634"}],"wp:term":[{"taxonomy":"product_brand","embeddable":true,"href":"https:\/\/pgwear.net\/pl\/wp-json\/wp\/v2\/product_brand?post=98634"},{"taxonomy":"product_cat","embeddable":true,"href":"https:\/\/pgwear.net\/pl\/wp-json\/wp\/v2\/product_cat?post=98634"},{"taxonomy":"product_tag","embeddable":true,"href":"https:\/\/pgwear.net\/pl\/wp-json\/wp\/v2\/product_tag?post=98634"}],"curies":[{"name":"wp","href":"https:\/\/api.w.org\/{rel}","templated":true}]}}