{"id":98669,"date":"2023-09-14T11:09:22","date_gmt":"2023-09-14T09:09:22","guid":{"rendered":"https:\/\/pgwear.net\/p\/ss24-t-shirt-surfer-niebieski\/"},"modified":"2026-03-27T12:19:26","modified_gmt":"2026-03-27T11:19:26","slug":"t-shirt-surfer-niebieski","status":"publish","type":"product","link":"https:\/\/pgwear.net\/pl\/p\/t-shirt-surfer-niebieski\/","title":{"rendered":"T-shirt &#8220;Surfer&#8221; Niebieski"},"content":{"rendered":"<p>PGWEAR lato kojarzy si\u0119 z <a href=\"https:\/\/pgwear.net\/pl\/feature\/copacabana\/\">copACABan\u0105<\/a> \u2013 wyimaginowanym miejscem, w kt\u00f3rym spe\u0142niaj\u0105 si\u0119 marzenia wszystkich ultras\u00f3w! Z\u0142oty piasek, b\u0142\u0119kitne morze, mn\u00f3stwo <a href=\"https:\/\/pgwear.net\/pl\/feature\/motyw-piwa\/\">zimnego piwa<\/a> i pysznych drink\u00f3w, gor\u0105ce dziewczyny i brak wrog\u00f3w \u2013 to miejsce, w kt\u00f3rym chcemy sp\u0119dzi\u0107 wakacje! \u0141ap fale z <a href=\"https:\/\/pgwear.net\/pl\/c\/t-shirty\/\">koszulk\u0105 od PGWEAR<\/a>! Produkt dost\u0119pny w dw\u00f3ch wersjach kolorystycznych.<\/p>\n","protected":false},"excerpt":{"rendered":"<p>PGWEAR lato kojarzy si\u0119 z copACABan\u0105 \u2013 wyimaginowanym miejscem, w kt\u00f3rym spe\u0142niaj\u0105 si\u0119 marzenia wszystkich ultras\u00f3w!<\/p>\n","protected":false},"featured_media":106937,"template":"","meta":{"_acf_changed":false},"product_brand":[],"product_cat":[376,372],"product_tag":[3839],"class_list":{"0":"post-98669","1":"product","2":"type-product","3":"status-publish","4":"has-post-thumbnail","6":"product_cat-nowosci","7":"product_cat-t-shirty","8":"product_tag-blue-monday","9":"pa_gramatura-180-gr-m2","10":"pa_kolekcja-wiosna-lato-2024","11":"pa_kolor-niebieski","12":"pa_kroj-klasyczny","13":"pa_material-100-bawelna","14":"pa_nadruk-duzy-nadruk-na-klatce-piersiowej","15":"pa_nadruk-duzy-nadruk-na-plecach","16":"pa_rozmiar-l","17":"pa_rozmiar-m","18":"pa_rozmiar-s","19":"pa_rozmiar-xl","20":"pa_rozmiar-xxl","21":"pa_rozmiar-xxxl","22":"feature-copacabana","23":"feature-surfing","25":"first","26":"instock","27":"taxable","28":"shipping-taxable","29":"purchasable","30":"product-type-variable"},"acf":[],"_links":{"self":[{"href":"https:\/\/pgwear.net\/pl\/wp-json\/wp\/v2\/product\/98669","targetHints":{"allow":["GET"]}}],"collection":[{"href":"https:\/\/pgwear.net\/pl\/wp-json\/wp\/v2\/product"}],"about":[{"href":"https:\/\/pgwear.net\/pl\/wp-json\/wp\/v2\/types\/product"}],"wp:featuredmedia":[{"embeddable":true,"href":"https:\/\/pgwear.net\/pl\/wp-json\/wp\/v2\/media\/106937"}],"wp:attachment":[{"href":"https:\/\/pgwear.net\/pl\/wp-json\/wp\/v2\/media?parent=98669"}],"wp:term":[{"taxonomy":"product_brand","embeddable":true,"href":"https:\/\/pgwear.net\/pl\/wp-json\/wp\/v2\/product_brand?post=98669"},{"taxonomy":"product_cat","embeddable":true,"href":"https:\/\/pgwear.net\/pl\/wp-json\/wp\/v2\/product_cat?post=98669"},{"taxonomy":"product_tag","embeddable":true,"href":"https:\/\/pgwear.net\/pl\/wp-json\/wp\/v2\/product_tag?post=98669"}],"curies":[{"name":"wp","href":"https:\/\/api.w.org\/{rel}","templated":true}]}}