{"id":98683,"date":"2023-09-14T11:09:25","date_gmt":"2023-09-14T09:09:25","guid":{"rendered":"https:\/\/pgwear.net\/p\/ss24-t-shirt-coat-of-arms-czarny\/"},"modified":"2026-03-23T07:18:52","modified_gmt":"2026-03-23T06:18:52","slug":"t-shirt-coat-of-arms-czarny","status":"publish","type":"product","link":"https:\/\/pgwear.net\/pl\/p\/t-shirt-coat-of-arms-czarny\/","title":{"rendered":"T-shirt &#8220;Coat of arms&#8221; Czarny"},"content":{"rendered":"<p>Klasyczny z najwy\u017cszej jako\u015bci <a href=\"https:\/\/pgwear.net\/pl\/material\/100-bawelna\/\">bawe\u0142niany<\/a> <a href=\"https:\/\/pgwear.net\/pl\/c\/t-shirty\/\">T-shirt<\/a> ozdobiony <a href=\"https:\/\/pgwear.net\/pl\/feature\/motyw-gryfa\/\">gryfem<\/a> &#8211; symbolem PGWEAR. No\u015b ten produkt dumnie zar\u00f3wno na ulicy, jak i na stadionie! Dost\u0119pny w dw\u00f3ch wersjach kolorystycznych.<\/p>\n","protected":false},"excerpt":{"rendered":"<p>Klasyczny z najwy\u017cszej jako\u015bci bawe\u0142niany T-shirt ozdobiony gryfem &#8211; symbolem PGWEAR. No\u015b ten produkt dumnie zar\u00f3wno na ulicy, jak i na stadionie!<\/p>\n","protected":false},"featured_media":130366,"template":"","meta":{"_acf_changed":false},"product_brand":[],"product_cat":[3496,376,372],"product_tag":[2789],"class_list":{"0":"post-98683","1":"product","2":"type-product","3":"status-publish","4":"has-post-thumbnail","6":"product_cat-casual","7":"product_cat-nowosci","8":"product_cat-t-shirty","9":"product_tag-wiosna-lato-2024","10":"pa_gramatura-180-gr-m2","11":"pa_kolekcja-wiosna-lato-2024","12":"pa_kolor-czarny","13":"pa_material-100-bawelna","14":"pa_nadruk-duzy-nadruk-na-klatce-piersiowej","15":"pa_rozmiar-l","16":"pa_rozmiar-m","17":"pa_rozmiar-s","18":"pa_rozmiar-xl","19":"pa_rozmiar-xxl","20":"pa_rozmiar-xxxl","22":"first","23":"instock","24":"taxable","25":"shipping-taxable","26":"purchasable","27":"product-type-variable"},"acf":[],"_links":{"self":[{"href":"https:\/\/pgwear.net\/pl\/wp-json\/wp\/v2\/product\/98683","targetHints":{"allow":["GET"]}}],"collection":[{"href":"https:\/\/pgwear.net\/pl\/wp-json\/wp\/v2\/product"}],"about":[{"href":"https:\/\/pgwear.net\/pl\/wp-json\/wp\/v2\/types\/product"}],"wp:featuredmedia":[{"embeddable":true,"href":"https:\/\/pgwear.net\/pl\/wp-json\/wp\/v2\/media\/130366"}],"wp:attachment":[{"href":"https:\/\/pgwear.net\/pl\/wp-json\/wp\/v2\/media?parent=98683"}],"wp:term":[{"taxonomy":"product_brand","embeddable":true,"href":"https:\/\/pgwear.net\/pl\/wp-json\/wp\/v2\/product_brand?post=98683"},{"taxonomy":"product_cat","embeddable":true,"href":"https:\/\/pgwear.net\/pl\/wp-json\/wp\/v2\/product_cat?post=98683"},{"taxonomy":"product_tag","embeddable":true,"href":"https:\/\/pgwear.net\/pl\/wp-json\/wp\/v2\/product_tag?post=98683"}],"curies":[{"name":"wp","href":"https:\/\/api.w.org\/{rel}","templated":true}]}}