{"id":98697,"date":"2023-09-14T11:09:27","date_gmt":"2023-09-14T09:09:27","guid":{"rendered":"https:\/\/pgwear.net\/p\/ss24-t-shirt-no-cops-bialy\/"},"modified":"2026-04-17T17:21:25","modified_gmt":"2026-04-17T15:21:25","slug":"t-shirt-no-cops-bialy","status":"publish","type":"product","link":"https:\/\/pgwear.net\/pl\/p\/t-shirt-no-cops-bialy\/","title":{"rendered":"T-shirt &#8220;No cops&#8221; Bia\u0142y"},"content":{"rendered":"<p>Ta grafika od PGWEAR przedstawia wszystko, czego do\u015bwiadczaj\u0105 ultrasi w dniu meczu. Jasne reflektory ukochanego stadionu mog\u0105 czasami zosta\u0107 przys\u0142oni\u0119te przez naszych g\u0142\u00f3wnych wrog\u00f3w \u2013 gliniarzy! Ale prawdziwi fani pi\u0142ki no\u017cnej s\u0105 zawsze razem przeciwko nim! Nigdy si\u0119 nie poddawaj! <a href=\"https:\/\/pgwear.net\/pl\/feature\/acab\/\">ACAB<\/a>! <a href=\"https:\/\/pgwear.net\/pl\/feature\/1312\/\">1312<\/a>!<\/p>\n","protected":false},"excerpt":{"rendered":"<p>Ta grafika od PGWEAR przedstawia wszystko, czego do\u015bwiadczaj\u0105 ultrasi w dniu meczu. Jasne reflektory ukochanego stadionu mog\u0105 czasami zosta\u0107 przys\u0142oni\u0119te przez naszych g\u0142\u00f3wnych wrog\u00f3w \u2013 gliniarzy!<\/p>\n","protected":false},"featured_media":130348,"template":"","meta":{"_acf_changed":false},"product_brand":[],"product_cat":[376,372],"product_tag":[2789],"class_list":{"0":"post-98697","1":"product","2":"type-product","3":"status-publish","4":"has-post-thumbnail","6":"product_cat-nowosci","7":"product_cat-t-shirty","8":"product_tag-wiosna-lato-2024","9":"pa_gramatura-180-gr-m2","10":"pa_kolekcja-wiosna-lato-2024","11":"pa_kolor-bialy","12":"pa_material-100-bawelna","13":"pa_nadruk-duzy-nadruk-na-plecach","14":"pa_nadruk-nadruk-na-klatce-piersiowej","15":"pa_rozmiar-l","16":"pa_rozmiar-m","17":"pa_rozmiar-s","18":"pa_rozmiar-xl","19":"pa_rozmiar-xxl","20":"pa_rozmiar-xxxl","22":"first","23":"instock","24":"taxable","25":"shipping-taxable","26":"purchasable","27":"product-type-variable"},"acf":[],"_links":{"self":[{"href":"https:\/\/pgwear.net\/pl\/wp-json\/wp\/v2\/product\/98697","targetHints":{"allow":["GET"]}}],"collection":[{"href":"https:\/\/pgwear.net\/pl\/wp-json\/wp\/v2\/product"}],"about":[{"href":"https:\/\/pgwear.net\/pl\/wp-json\/wp\/v2\/types\/product"}],"wp:featuredmedia":[{"embeddable":true,"href":"https:\/\/pgwear.net\/pl\/wp-json\/wp\/v2\/media\/130348"}],"wp:attachment":[{"href":"https:\/\/pgwear.net\/pl\/wp-json\/wp\/v2\/media?parent=98697"}],"wp:term":[{"taxonomy":"product_brand","embeddable":true,"href":"https:\/\/pgwear.net\/pl\/wp-json\/wp\/v2\/product_brand?post=98697"},{"taxonomy":"product_cat","embeddable":true,"href":"https:\/\/pgwear.net\/pl\/wp-json\/wp\/v2\/product_cat?post=98697"},{"taxonomy":"product_tag","embeddable":true,"href":"https:\/\/pgwear.net\/pl\/wp-json\/wp\/v2\/product_tag?post=98697"}],"curies":[{"name":"wp","href":"https:\/\/api.w.org\/{rel}","templated":true}]}}