{"id":9870,"date":"2022-01-26T14:57:20","date_gmt":"2022-01-26T13:57:20","guid":{"rendered":"https:\/\/dev.pgwear.net\/p\/neck-cover-joker\/"},"modified":"2026-04-17T11:57:17","modified_gmt":"2026-04-17T09:57:17","slug":"komin-joker","status":"publish","type":"product","link":"https:\/\/pgwear.net\/pl\/p\/komin-joker\/","title":{"rendered":"Komin Joker"},"content":{"rendered":"<p>Neck Cover to idealna alternatywa dla maski czy kominiarki. Zas\u0142o\u0144 twarz kiedy wymaga tego sytuacja. Buff dost\u0119pny jest w trzech wariantach. Wybierz sw\u00f3j!<\/p>\n","protected":false},"excerpt":{"rendered":"<p>Neck Cover to idealna alternatywa dla maski czy kominiarki.<\/p>\n","protected":false},"featured_media":15035,"template":"","meta":{"_acf_changed":false},"product_brand":[],"product_cat":[370,3513],"product_tag":[],"class_list":{"0":"post-9870","1":"product","2":"type-product","3":"status-publish","4":"has-post-thumbnail","6":"product_cat-kominiarki","7":"product_cat-kominy","8":"pa_kolor-wielokolorowy","9":"pa_material-100-poliester","10":"feature-kominiarka-full-print","12":"first","13":"instock","14":"taxable","15":"shipping-taxable","16":"purchasable","17":"product-type-simple"},"acf":[],"_links":{"self":[{"href":"https:\/\/pgwear.net\/pl\/wp-json\/wp\/v2\/product\/9870","targetHints":{"allow":["GET"]}}],"collection":[{"href":"https:\/\/pgwear.net\/pl\/wp-json\/wp\/v2\/product"}],"about":[{"href":"https:\/\/pgwear.net\/pl\/wp-json\/wp\/v2\/types\/product"}],"wp:featuredmedia":[{"embeddable":true,"href":"https:\/\/pgwear.net\/pl\/wp-json\/wp\/v2\/media\/15035"}],"wp:attachment":[{"href":"https:\/\/pgwear.net\/pl\/wp-json\/wp\/v2\/media?parent=9870"}],"wp:term":[{"taxonomy":"product_brand","embeddable":true,"href":"https:\/\/pgwear.net\/pl\/wp-json\/wp\/v2\/product_brand?post=9870"},{"taxonomy":"product_cat","embeddable":true,"href":"https:\/\/pgwear.net\/pl\/wp-json\/wp\/v2\/product_cat?post=9870"},{"taxonomy":"product_tag","embeddable":true,"href":"https:\/\/pgwear.net\/pl\/wp-json\/wp\/v2\/product_tag?post=9870"}],"curies":[{"name":"wp","href":"https:\/\/api.w.org\/{rel}","templated":true}]}}