{"id":98704,"date":"2023-09-14T11:09:29","date_gmt":"2023-09-14T09:09:29","guid":{"rendered":"https:\/\/pgwear.net\/p\/ss24-t-shirt-cans-czarny\/"},"modified":"2026-03-27T09:07:30","modified_gmt":"2026-03-27T08:07:30","slug":"t-shirt-cans-olive","status":"publish","type":"product","link":"https:\/\/pgwear.net\/pl\/p\/t-shirt-cans-olive\/","title":{"rendered":"T-shirt &#8220;Cans&#8221; Olive"},"content":{"rendered":"<p><a href=\"https:\/\/pgwear.net\/pl\/feature\/motyw-piwa\/\">Piwo w kulturze pi\u0142karskiej<\/a> to nie tylko nap\u00f3j! Symbolizuje pe\u0142ne przyg\u00f3d <a href=\"https:\/\/pgwear.net\/pl\/feature\/wyjazd\/\">dni wyjazdowe<\/a>, ogromn\u0105 rado\u015b\u0107 na trybunach po strzelonej bramce, godziny sp\u0119dzone z wiernymi przyjaci\u00f3\u0142mi w lokalnym pubie&#8230; W PGWEAR lubimy ka\u017cdy rodzaj piwa &#8211; WSZYSTKIE Puszki S\u0104 PI\u0118KNE! Do\u0142\u0105cz do imprezy i nigdy nie pij sam! Produkt dost\u0119pny jest w dw\u00f3ch wersjach kolorystycznych.<\/p>\n","protected":false},"excerpt":{"rendered":"<p>Piwo w kulturze pi\u0142karskiej to nie tylko nap\u00f3j! Symbolizuje pe\u0142ne przyg\u00f3d dni wyjazdowe, ogromn\u0105 rado\u015b\u0107 na trybunach po strzelonej bramce, godziny sp\u0119dzone z wiernymi przyjaci\u00f3\u0142mi w lokalnym pubie&#8230;<\/p>\n","protected":false},"featured_media":130336,"template":"","meta":{"_acf_changed":false},"product_brand":[],"product_cat":[376,372],"product_tag":[2789],"class_list":{"0":"post-98704","1":"product","2":"type-product","3":"status-publish","4":"has-post-thumbnail","6":"product_cat-nowosci","7":"product_cat-t-shirty","8":"product_tag-wiosna-lato-2024","9":"pa_gramatura-180-gr-m2","10":"pa_kolekcja-wiosna-lato-2024","11":"pa_kolor-oliwkowy","12":"pa_material-100-bawelna","13":"pa_nadruk-duzy-nadruk-na-klatce-piersiowej","14":"pa_rozmiar-l","15":"pa_rozmiar-m","16":"pa_rozmiar-s","17":"pa_rozmiar-xl","18":"pa_rozmiar-xxl","19":"pa_rozmiar-xxxl","20":"feature-acab","21":"feature-motyw-piwa","23":"first","24":"instock","25":"taxable","26":"shipping-taxable","27":"purchasable","28":"product-type-variable"},"acf":[],"_links":{"self":[{"href":"https:\/\/pgwear.net\/pl\/wp-json\/wp\/v2\/product\/98704","targetHints":{"allow":["GET"]}}],"collection":[{"href":"https:\/\/pgwear.net\/pl\/wp-json\/wp\/v2\/product"}],"about":[{"href":"https:\/\/pgwear.net\/pl\/wp-json\/wp\/v2\/types\/product"}],"wp:featuredmedia":[{"embeddable":true,"href":"https:\/\/pgwear.net\/pl\/wp-json\/wp\/v2\/media\/130336"}],"wp:attachment":[{"href":"https:\/\/pgwear.net\/pl\/wp-json\/wp\/v2\/media?parent=98704"}],"wp:term":[{"taxonomy":"product_brand","embeddable":true,"href":"https:\/\/pgwear.net\/pl\/wp-json\/wp\/v2\/product_brand?post=98704"},{"taxonomy":"product_cat","embeddable":true,"href":"https:\/\/pgwear.net\/pl\/wp-json\/wp\/v2\/product_cat?post=98704"},{"taxonomy":"product_tag","embeddable":true,"href":"https:\/\/pgwear.net\/pl\/wp-json\/wp\/v2\/product_tag?post=98704"}],"curies":[{"name":"wp","href":"https:\/\/api.w.org\/{rel}","templated":true}]}}