{"id":9871,"date":"2022-01-26T14:57:20","date_gmt":"2022-01-26T13:57:20","guid":{"rendered":"https:\/\/dev.pgwear.net\/p\/neck-cover-diablo\/"},"modified":"2026-04-07T13:48:16","modified_gmt":"2026-04-07T11:48:16","slug":"komin-diablo","status":"publish","type":"product","link":"https:\/\/pgwear.net\/pl\/p\/komin-diablo\/","title":{"rendered":"Komin &#8220;Diablo&#8221;"},"content":{"rendered":"<p>Neck Cover to idealna alternatywa dla maski czy kominiarki. Zas\u0142o\u0144 twarz kiedy wymaga tego sytuacja. Buff dost\u0119pny jest w trzech wariantach. Wybierz sw\u00f3j!<\/p>\n","protected":false},"excerpt":{"rendered":"<p>Neck Cover to idealna alternatywa dla maski czy kominiarki.<\/p>\n","protected":false},"featured_media":14617,"template":"","meta":{"_acf_changed":false},"product_brand":[],"product_cat":[370,3513],"product_tag":[],"class_list":{"0":"post-9871","1":"product","2":"type-product","3":"status-publish","4":"has-post-thumbnail","6":"product_cat-kominiarki","7":"product_cat-kominy","8":"pa_kolor-czarny","9":"pa_kolor-pomaranczowy","10":"pa_material-100-poliester","11":"feature-kominiarka-full-print","13":"first","14":"instock","15":"taxable","16":"shipping-taxable","17":"purchasable","18":"product-type-simple"},"acf":[],"_links":{"self":[{"href":"https:\/\/pgwear.net\/pl\/wp-json\/wp\/v2\/product\/9871","targetHints":{"allow":["GET"]}}],"collection":[{"href":"https:\/\/pgwear.net\/pl\/wp-json\/wp\/v2\/product"}],"about":[{"href":"https:\/\/pgwear.net\/pl\/wp-json\/wp\/v2\/types\/product"}],"wp:featuredmedia":[{"embeddable":true,"href":"https:\/\/pgwear.net\/pl\/wp-json\/wp\/v2\/media\/14617"}],"wp:attachment":[{"href":"https:\/\/pgwear.net\/pl\/wp-json\/wp\/v2\/media?parent=9871"}],"wp:term":[{"taxonomy":"product_brand","embeddable":true,"href":"https:\/\/pgwear.net\/pl\/wp-json\/wp\/v2\/product_brand?post=9871"},{"taxonomy":"product_cat","embeddable":true,"href":"https:\/\/pgwear.net\/pl\/wp-json\/wp\/v2\/product_cat?post=9871"},{"taxonomy":"product_tag","embeddable":true,"href":"https:\/\/pgwear.net\/pl\/wp-json\/wp\/v2\/product_tag?post=9871"}],"curies":[{"name":"wp","href":"https:\/\/api.w.org\/{rel}","templated":true}]}}