{"id":98746,"date":"2023-09-14T11:09:37","date_gmt":"2023-09-14T09:09:37","guid":{"rendered":"https:\/\/pgwear.net\/p\/ss24-t-shirt-nss-granatowy\/"},"modified":"2026-03-23T07:16:18","modified_gmt":"2026-03-23T06:16:18","slug":"t-shirt-nss-granatowy","status":"publish","type":"product","link":"https:\/\/pgwear.net\/pl\/p\/t-shirt-nss-granatowy\/","title":{"rendered":"T-shirt &#8220;NSS&#8221; Granatowy"},"content":{"rendered":"<p><a href=\"https:\/\/pgwear.net\/pl\/c\/t-shirty\/\">T-shirt od PGWEAR Ultras Shop<\/a> ozdobiony du\u017cym, monochromatycznym nadrukiem, przedstawiaj\u0105cym stadion w stylu <a href=\"https:\/\/pgwear.net\/pl\/blog\/ubrania-retro-dla-ultrasow\/\">oldschool<\/a> i t\u0142um kibic\u00f3w pi\u0142ki no\u017cnej zmierzaj\u0105cy w jego kierunku. Niewa\u017cne, czy twoja dru\u017cyna gra dobrze, czy \u017ale, czy jeste\u015b u siebie, czy <a href=\"https:\/\/pgwear.net\/pl\/feature\/wyjazd\/\">na wyje\u017adzie<\/a> \u2013 nigdy nie przestawaj kibicowa\u0107! Wybierz t\u0119 koszulk\u0119 spo\u015br\u00f3d trzech dost\u0119pnych opcji kolorystycznych!<\/p>\n","protected":false},"excerpt":{"rendered":"<p>T-shirt od PGWEAR Ultras Shop ozdobiony du\u017cym, monochromatycznym nadrukiem, przedstawiaj\u0105cym stadion w stylu oldschool i t\u0142um kibic\u00f3w pi\u0142ki no\u017cnej zmierzaj\u0105cy w jego kierunku.<\/p>\n","protected":false},"featured_media":130246,"template":"","meta":{"_acf_changed":false},"product_brand":[],"product_cat":[376,372],"product_tag":[2789],"class_list":{"0":"post-98746","1":"product","2":"type-product","3":"status-publish","4":"has-post-thumbnail","6":"product_cat-nowosci","7":"product_cat-t-shirty","8":"product_tag-wiosna-lato-2024","9":"pa_gramatura-180-gr-m2","10":"pa_kolekcja-wiosna-lato-2024","11":"pa_kolor-granatowy","12":"pa_material-100-bawelna","13":"pa_rozmiar-l","14":"pa_rozmiar-m","15":"pa_rozmiar-s","16":"pa_rozmiar-xl","17":"pa_rozmiar-xxl","18":"pa_rozmiar-xxxl","20":"first","21":"instock","22":"taxable","23":"shipping-taxable","24":"purchasable","25":"product-type-variable"},"acf":[],"_links":{"self":[{"href":"https:\/\/pgwear.net\/pl\/wp-json\/wp\/v2\/product\/98746","targetHints":{"allow":["GET"]}}],"collection":[{"href":"https:\/\/pgwear.net\/pl\/wp-json\/wp\/v2\/product"}],"about":[{"href":"https:\/\/pgwear.net\/pl\/wp-json\/wp\/v2\/types\/product"}],"wp:featuredmedia":[{"embeddable":true,"href":"https:\/\/pgwear.net\/pl\/wp-json\/wp\/v2\/media\/130246"}],"wp:attachment":[{"href":"https:\/\/pgwear.net\/pl\/wp-json\/wp\/v2\/media?parent=98746"}],"wp:term":[{"taxonomy":"product_brand","embeddable":true,"href":"https:\/\/pgwear.net\/pl\/wp-json\/wp\/v2\/product_brand?post=98746"},{"taxonomy":"product_cat","embeddable":true,"href":"https:\/\/pgwear.net\/pl\/wp-json\/wp\/v2\/product_cat?post=98746"},{"taxonomy":"product_tag","embeddable":true,"href":"https:\/\/pgwear.net\/pl\/wp-json\/wp\/v2\/product_tag?post=98746"}],"curies":[{"name":"wp","href":"https:\/\/api.w.org\/{rel}","templated":true}]}}