{"id":98767,"date":"2023-09-14T11:09:42","date_gmt":"2023-09-14T09:09:42","guid":{"rendered":"https:\/\/pgwear.net\/p\/ss24-t-shirt-jack-granatowy\/"},"modified":"2026-03-31T14:07:35","modified_gmt":"2026-03-31T12:07:35","slug":"t-shirt-jack-granatowy","status":"publish","type":"product","link":"https:\/\/pgwear.net\/pl\/p\/t-shirt-jack-granatowy\/","title":{"rendered":"T-shirt &#8220;Jack&#8221; Granatowy"},"content":{"rendered":"<p>Casualowa i minimalistyczna <a href=\"https:\/\/pgwear.net\/pl\/material\/100-bawelna\/\">bawe\u0142niana<\/a> <a href=\"https:\/\/pgwear.net\/pl\/c\/t-shirty\/\">koszulka<\/a> ozdobiona ma\u0142ym logo PGWEAR z przodu oraz bia\u0142ymi paskami wok\u00f3\u0142 ko\u0142nierza i r\u0119kaw\u00f3w. To idealny dodatek do ka\u017cdego rodzaju garderoby, niezale\u017cnie od tego, gdzie planujesz si\u0119 uda\u0107! No\u015b t\u0119 koszulk\u0119 z dum\u0105, zar\u00f3wno na ulicy, jak i na stadionie! Produkt dost\u0119pny w trzech wersjach kolorystycznych.<\/p>\n","protected":false},"excerpt":{"rendered":"<p>Casualowa i minimalistyczna bawe\u0142niana koszulka ozdobiona ma\u0142ym logo PGWEAR z przodu oraz bia\u0142ymi paskami wok\u00f3\u0142 ko\u0142nierza i r\u0119kaw\u00f3w. To idealny dodatek do ka\u017cdego rodzaju garderoby, niezale\u017cnie od tego, gdzie planujesz si\u0119 uda\u0107!<\/p>\n","protected":false},"featured_media":129200,"template":"","meta":{"_acf_changed":false},"product_brand":[],"product_cat":[3496,376,372],"product_tag":[3277,2789],"class_list":{"0":"post-98767","1":"product","2":"type-product","3":"status-publish","4":"has-post-thumbnail","6":"product_cat-casual","7":"product_cat-nowosci","8":"product_cat-t-shirty","9":"product_tag-ostatnie-sztuki","10":"product_tag-wiosna-lato-2024","11":"pa_gramatura-180-gr-m2","12":"pa_kolekcja-wiosna-lato-2024","13":"pa_kolor-granatowy","14":"pa_material-100-bawelna","15":"pa_nadruk-nadruk-na-sercu","16":"pa_rozmiar-l","17":"pa_rozmiar-m","18":"pa_rozmiar-s","19":"pa_rozmiar-xl","20":"pa_rozmiar-xxl","21":"pa_rozmiar-xxxl","23":"first","24":"outofstock","25":"taxable","26":"shipping-taxable","27":"product-type-variable"},"acf":[],"_links":{"self":[{"href":"https:\/\/pgwear.net\/pl\/wp-json\/wp\/v2\/product\/98767","targetHints":{"allow":["GET"]}}],"collection":[{"href":"https:\/\/pgwear.net\/pl\/wp-json\/wp\/v2\/product"}],"about":[{"href":"https:\/\/pgwear.net\/pl\/wp-json\/wp\/v2\/types\/product"}],"wp:featuredmedia":[{"embeddable":true,"href":"https:\/\/pgwear.net\/pl\/wp-json\/wp\/v2\/media\/129200"}],"wp:attachment":[{"href":"https:\/\/pgwear.net\/pl\/wp-json\/wp\/v2\/media?parent=98767"}],"wp:term":[{"taxonomy":"product_brand","embeddable":true,"href":"https:\/\/pgwear.net\/pl\/wp-json\/wp\/v2\/product_brand?post=98767"},{"taxonomy":"product_cat","embeddable":true,"href":"https:\/\/pgwear.net\/pl\/wp-json\/wp\/v2\/product_cat?post=98767"},{"taxonomy":"product_tag","embeddable":true,"href":"https:\/\/pgwear.net\/pl\/wp-json\/wp\/v2\/product_tag?post=98767"}],"curies":[{"name":"wp","href":"https:\/\/api.w.org\/{rel}","templated":true}]}}