{"id":9878,"date":"2022-01-26T14:57:21","date_gmt":"2022-01-26T13:57:21","guid":{"rendered":"https:\/\/dev.pgwear.net\/p\/aw20-neck-cover-double-face\/"},"modified":"2026-03-06T11:54:00","modified_gmt":"2026-03-06T10:54:00","slug":"komin-double-face","status":"publish","type":"product","link":"https:\/\/pgwear.net\/pl\/p\/komin-double-face\/","title":{"rendered":"Komin Double Face"},"content":{"rendered":"<p>Niezast\u0105piony element do noszenia zar\u00f3wno na ulicy i na stadionie. Wyprodukowany przez PGWEAR CUSTOMS z najwy\u017cszej jako\u015bci materia\u0142\u00f3w.<\/p>\n","protected":false},"excerpt":{"rendered":"<p>Wyprodukowany przez PGWEAR CUSTOMS z najwy\u017cszej jako\u015bci materia\u0142\u00f3w.<\/p>\n","protected":false},"featured_media":14582,"template":"","meta":{"_acf_changed":false},"product_brand":[],"product_cat":[370,3513],"product_tag":[],"class_list":{"0":"post-9878","1":"product","2":"type-product","3":"status-publish","4":"has-post-thumbnail","6":"product_cat-kominiarki","7":"product_cat-kominy","8":"pa_kolor-bezowy","9":"pa_material-100-poliester","10":"feature-kominiarka-full-print","12":"first","13":"instock","14":"taxable","15":"shipping-taxable","16":"purchasable","17":"product-type-simple"},"acf":[],"_links":{"self":[{"href":"https:\/\/pgwear.net\/pl\/wp-json\/wp\/v2\/product\/9878","targetHints":{"allow":["GET"]}}],"collection":[{"href":"https:\/\/pgwear.net\/pl\/wp-json\/wp\/v2\/product"}],"about":[{"href":"https:\/\/pgwear.net\/pl\/wp-json\/wp\/v2\/types\/product"}],"wp:featuredmedia":[{"embeddable":true,"href":"https:\/\/pgwear.net\/pl\/wp-json\/wp\/v2\/media\/14582"}],"wp:attachment":[{"href":"https:\/\/pgwear.net\/pl\/wp-json\/wp\/v2\/media?parent=9878"}],"wp:term":[{"taxonomy":"product_brand","embeddable":true,"href":"https:\/\/pgwear.net\/pl\/wp-json\/wp\/v2\/product_brand?post=9878"},{"taxonomy":"product_cat","embeddable":true,"href":"https:\/\/pgwear.net\/pl\/wp-json\/wp\/v2\/product_cat?post=9878"},{"taxonomy":"product_tag","embeddable":true,"href":"https:\/\/pgwear.net\/pl\/wp-json\/wp\/v2\/product_tag?post=9878"}],"curies":[{"name":"wp","href":"https:\/\/api.w.org\/{rel}","templated":true}]}}