{"id":98795,"date":"2023-09-14T11:09:50","date_gmt":"2023-09-14T09:09:50","guid":{"rendered":"https:\/\/pgwear.net\/p\/ss24-t-shirt-mission-niebiesko-bialy\/"},"modified":"2026-03-24T12:32:32","modified_gmt":"2026-03-24T11:32:32","slug":"t-shirt-mission-niebiesko-bialy","status":"publish","type":"product","link":"https:\/\/pgwear.net\/pl\/p\/t-shirt-mission-niebiesko-bialy\/","title":{"rendered":"T-shirt &#8220;Mission&#8221; Niebiesko\/Bia\u0142y"},"content":{"rendered":"<p>Ta minimalistyczna, <a href=\"https:\/\/pgwear.net\/pl\/material\/100-bawelna\/\">bawe\u0142niana<\/a> <a href=\"https:\/\/pgwear.net\/pl\/c\/t-shirty\/\">koszulka<\/a> w stylu casualowym to idealny wyb\u00f3r na gor\u0105ce letnie dni, kiedy musisz godzinami podr\u00f3\u017cowa\u0107 z lojalnymi przyjaci\u00f3\u0142mi do przeciwnego miasta na <a href=\"https:\/\/pgwear.net\/pl\/feature\/wyjazd\/\">mecz wyjazdowy<\/a>. Gwarantowany najwy\u017cszy komfort i styl! Wybierz wariant bazuj\u0105cy na barwach twojej ulubionej dru\u017cyny pi\u0142karskiej! Ten jest idealny dla wszystkich fan\u00f3w <a href=\"https:\/\/pgwear.net\/pl\/kolor\/czerwony-niebieski\/\">czerwieni i b\u0142\u0119kitu<\/a> takich klub\u00f3w jak FC Bayern Monachium, Rangers F.C., <a href=\"https:\/\/pgwear.net\/pl\/druzyna\/hajduk-split\/\">HNK Hajduk Split<\/a> itp.<\/p>\n","protected":false},"excerpt":{"rendered":"<p>Ta minimalistyczna, bawe\u0142niana koszulka w stylu casualowym to idealny wyb\u00f3r na gor\u0105ce letnie dni, kiedy musisz godzinami podr\u00f3\u017cowa\u0107 z lojalnymi przyjaci\u00f3\u0142mi do przeciwnego miasta na mecz wyjazdowy..<\/p>\n","protected":false},"featured_media":129179,"template":"","meta":{"_acf_changed":false},"product_brand":[],"product_cat":[3496,376,372],"product_tag":[3839],"class_list":{"0":"post-98795","1":"product","2":"type-product","3":"status-publish","4":"has-post-thumbnail","6":"product_cat-casual","7":"product_cat-nowosci","8":"product_cat-t-shirty","9":"product_tag-blue-monday","10":"pa_gramatura-180-gr-m2","11":"pa_kolekcja-wiosna-lato-2024","12":"pa_kolor-bialy-niebieski","13":"pa_kolor-czarny","14":"pa_material-100-bawelna","15":"pa_rozmiar-l","16":"pa_rozmiar-m","17":"pa_rozmiar-s","18":"pa_rozmiar-xl","19":"pa_rozmiar-xxl","20":"pa_rozmiar-xxxl","22":"first","23":"instock","24":"taxable","25":"shipping-taxable","26":"purchasable","27":"product-type-variable"},"acf":[],"_links":{"self":[{"href":"https:\/\/pgwear.net\/pl\/wp-json\/wp\/v2\/product\/98795","targetHints":{"allow":["GET"]}}],"collection":[{"href":"https:\/\/pgwear.net\/pl\/wp-json\/wp\/v2\/product"}],"about":[{"href":"https:\/\/pgwear.net\/pl\/wp-json\/wp\/v2\/types\/product"}],"wp:featuredmedia":[{"embeddable":true,"href":"https:\/\/pgwear.net\/pl\/wp-json\/wp\/v2\/media\/129179"}],"wp:attachment":[{"href":"https:\/\/pgwear.net\/pl\/wp-json\/wp\/v2\/media?parent=98795"}],"wp:term":[{"taxonomy":"product_brand","embeddable":true,"href":"https:\/\/pgwear.net\/pl\/wp-json\/wp\/v2\/product_brand?post=98795"},{"taxonomy":"product_cat","embeddable":true,"href":"https:\/\/pgwear.net\/pl\/wp-json\/wp\/v2\/product_cat?post=98795"},{"taxonomy":"product_tag","embeddable":true,"href":"https:\/\/pgwear.net\/pl\/wp-json\/wp\/v2\/product_tag?post=98795"}],"curies":[{"name":"wp","href":"https:\/\/api.w.org\/{rel}","templated":true}]}}