{"id":98823,"date":"2023-09-14T11:09:55","date_gmt":"2023-09-14T09:09:55","guid":{"rendered":"https:\/\/pgwear.net\/p\/ss24-t-shirt-label-granatowy\/"},"modified":"2026-03-17T14:33:49","modified_gmt":"2026-03-17T13:33:49","slug":"t-shirt-label-granatowy","status":"publish","type":"product","link":"https:\/\/pgwear.net\/pl\/p\/t-shirt-label-granatowy\/","title":{"rendered":"T-shirt &#8220;Label&#8221; Granatowy"},"content":{"rendered":"<p><a href=\"https:\/\/pgwear.net\/pl\/feature\/motyw-piwa\/\">Piwo<\/a> to nie tylko nap\u00f3j w kulturze pi\u0142karskiej! Kojarzy si\u0119 z pe\u0142nymi przyg\u00f3d <a href=\"https:\/\/pgwear.net\/pl\/feature\/wyjazd\/\">wyjazdami<\/a>, rado\u015bci\u0105 na trybunach po zdobyciu gola, nieko\u0144cz\u0105cymi si\u0119 godzinami sp\u0119dzonymi z wiernymi przyjaci\u00f3\u0142mi w lokalnym pubie&#8230; Ta <a href=\"https:\/\/pgwear.net\/pl\/c\/t-shirty\/\">koszulka<\/a> od PGWEAR jest ozdobiona etykiet\u0105 piwa i reprezentuje znaczenie i wag\u0119 przynale\u017cno\u015bci do fandomu \u2013 kiedy nale\u017cysz do niego, nigdy nie b\u0119dziesz pi\u0142 sam! Koszulka dost\u0119pna w trzech wersjach kolorystycznych.<\/p>\n","protected":false},"excerpt":{"rendered":"<p>Piwo to nie tylko nap\u00f3j w kulturze pi\u0142karskiej! Kojarzy si\u0119 z pe\u0142nymi przyg\u00f3d wyjazdami, rado\u015bci\u0105 na trybunach po zdobyciu gola, nieko\u0144cz\u0105cymi si\u0119 godzinami sp\u0119dzonymi z wiernymi przyjaci\u00f3\u0142mi w lokalnym pubie&#8230;<\/p>\n","protected":false},"featured_media":129094,"template":"","meta":{"_acf_changed":false},"product_brand":[],"product_cat":[3496,376,372],"product_tag":[3277,2789],"class_list":{"0":"post-98823","1":"product","2":"type-product","3":"status-publish","4":"has-post-thumbnail","6":"product_cat-casual","7":"product_cat-nowosci","8":"product_cat-t-shirty","9":"product_tag-ostatnie-sztuki","10":"product_tag-wiosna-lato-2024","11":"pa_gramatura-180-gr-m2","12":"pa_kolekcja-wiosna-lato-2024","13":"pa_kolor-granatowy","14":"pa_material-100-bawelna","15":"pa_nadruk-duzy-nadruk-na-klatce-piersiowej","16":"pa_rozmiar-l","17":"pa_rozmiar-m","18":"pa_rozmiar-s","19":"pa_rozmiar-xl","20":"pa_rozmiar-xxl","21":"pa_rozmiar-xxxl","22":"feature-motyw-piwa","24":"first","25":"outofstock","26":"taxable","27":"shipping-taxable","28":"product-type-variable"},"acf":[],"_links":{"self":[{"href":"https:\/\/pgwear.net\/pl\/wp-json\/wp\/v2\/product\/98823","targetHints":{"allow":["GET"]}}],"collection":[{"href":"https:\/\/pgwear.net\/pl\/wp-json\/wp\/v2\/product"}],"about":[{"href":"https:\/\/pgwear.net\/pl\/wp-json\/wp\/v2\/types\/product"}],"wp:featuredmedia":[{"embeddable":true,"href":"https:\/\/pgwear.net\/pl\/wp-json\/wp\/v2\/media\/129094"}],"wp:attachment":[{"href":"https:\/\/pgwear.net\/pl\/wp-json\/wp\/v2\/media?parent=98823"}],"wp:term":[{"taxonomy":"product_brand","embeddable":true,"href":"https:\/\/pgwear.net\/pl\/wp-json\/wp\/v2\/product_brand?post=98823"},{"taxonomy":"product_cat","embeddable":true,"href":"https:\/\/pgwear.net\/pl\/wp-json\/wp\/v2\/product_cat?post=98823"},{"taxonomy":"product_tag","embeddable":true,"href":"https:\/\/pgwear.net\/pl\/wp-json\/wp\/v2\/product_tag?post=98823"}],"curies":[{"name":"wp","href":"https:\/\/api.w.org\/{rel}","templated":true}]}}