{"id":98837,"date":"2023-09-14T11:09:58","date_gmt":"2023-09-14T09:09:58","guid":{"rendered":"https:\/\/pgwear.net\/p\/ss24-t-shirt-hello-weekend-bialy\/"},"modified":"2026-05-16T10:17:50","modified_gmt":"2026-05-16T08:17:50","slug":"t-shirt-hello-weekend-bialy","status":"publish","type":"product","link":"https:\/\/pgwear.net\/pl\/p\/t-shirt-hello-weekend-bialy\/","title":{"rendered":"T-shirt &#8220;Hello weekend&#8221; Bia\u0142y"},"content":{"rendered":"<p><a href=\"https:\/\/pgwear.net\/pl\/feature\/motyw-pyro\/\">Piro<\/a>, <a href=\"https:\/\/pgwear.net\/pl\/feature\/motyw-pilki\/\">pi\u0142ka no\u017cna<\/a> i <a href=\"https:\/\/pgwear.net\/pl\/feature\/motyw-piwa\/\">piwo<\/a> to nie tylko najlepsi przyjaciele, ale tak\u017ce idealne po\u0142\u0105czenie w dniu meczu, zar\u00f3wno na ulic\u0119 jak i na stadion! Rozpowszechniaj t\u0119 ide\u0119, nosz\u0105c t\u0119 \u200b\u200bzabawn\u0105 <a href=\"https:\/\/pgwear.net\/pl\/c\/t-shirty\/\">koszulk\u0119<\/a> od PGWEAR! Produkt dost\u0119pny w dw\u00f3ch wersjach kolorystycznych.<\/p>\n","protected":false},"excerpt":{"rendered":"<p>Piro, pi\u0142ka no\u017cna i piwo to nie tylko najlepsi przyjaciele, ale tak\u017ce idealne po\u0142\u0105czenie w dniu meczu, zar\u00f3wno na ulic\u0119 jak i na stadion!<\/p>\n","protected":false},"featured_media":129049,"template":"","meta":{"_acf_changed":false},"product_brand":[],"product_cat":[376,372],"product_tag":[2789],"class_list":{"0":"post-98837","1":"product","2":"type-product","3":"status-publish","4":"has-post-thumbnail","6":"product_cat-nowosci","7":"product_cat-t-shirty","8":"product_tag-wiosna-lato-2024","9":"pa_gramatura-180-gr-m2","10":"pa_kolekcja-wiosna-lato-2024","11":"pa_kolor-bialy","12":"pa_material-100-bawelna","13":"pa_nadruk-duzy-nadruk-na-plecach","14":"pa_nadruk-nadruk-na-klatce-piersiowej","15":"pa_rozmiar-l","16":"pa_rozmiar-m","17":"pa_rozmiar-s","18":"pa_rozmiar-xl","19":"pa_rozmiar-xxl","20":"pa_rozmiar-xxxl","21":"feature-motyw-pilki","22":"feature-motyw-piwa","23":"feature-motyw-pyro","25":"first","26":"instock","27":"sale","28":"taxable","29":"shipping-taxable","30":"purchasable","31":"product-type-variable"},"acf":[],"_links":{"self":[{"href":"https:\/\/pgwear.net\/pl\/wp-json\/wp\/v2\/product\/98837","targetHints":{"allow":["GET"]}}],"collection":[{"href":"https:\/\/pgwear.net\/pl\/wp-json\/wp\/v2\/product"}],"about":[{"href":"https:\/\/pgwear.net\/pl\/wp-json\/wp\/v2\/types\/product"}],"wp:featuredmedia":[{"embeddable":true,"href":"https:\/\/pgwear.net\/pl\/wp-json\/wp\/v2\/media\/129049"}],"wp:attachment":[{"href":"https:\/\/pgwear.net\/pl\/wp-json\/wp\/v2\/media?parent=98837"}],"wp:term":[{"taxonomy":"product_brand","embeddable":true,"href":"https:\/\/pgwear.net\/pl\/wp-json\/wp\/v2\/product_brand?post=98837"},{"taxonomy":"product_cat","embeddable":true,"href":"https:\/\/pgwear.net\/pl\/wp-json\/wp\/v2\/product_cat?post=98837"},{"taxonomy":"product_tag","embeddable":true,"href":"https:\/\/pgwear.net\/pl\/wp-json\/wp\/v2\/product_tag?post=98837"}],"curies":[{"name":"wp","href":"https:\/\/api.w.org\/{rel}","templated":true}]}}