{"id":98844,"date":"2023-09-14T11:10:50","date_gmt":"2023-09-14T09:10:50","guid":{"rendered":"https:\/\/pgwear.net\/p\/ss24-retro-football-jersey-sytp-czerwony\/"},"modified":"2026-04-10T09:24:17","modified_gmt":"2026-04-10T07:24:17","slug":"retro-football-jersey-sytp-czerwony","status":"publish","type":"product","link":"https:\/\/pgwear.net\/pl\/p\/retro-football-jersey-sytp-czerwony\/","title":{"rendered":"Retro Football Jersey &#8220;SYTP&#8221; Czerwony"},"content":{"rendered":"<p>Ta stylowa <a href=\"https:\/\/pgwear.net\/pl\/feature\/koszulka-pilkarska\/\">koszulka pi\u0142karska<\/a> w stylu <a href=\"https:\/\/pgwear.net\/pl\/tag\/retro\/\">retro<\/a> w trzech r\u00f3\u017cnych kr\u00f3lewskich kombinacjach kolorystycznych po\u015bwi\u0119cona jest czemu\u015b, bez czego ultras nie mog\u0105 \u017cy\u0107. To \u015bwiat\u0142o, pi\u0119kno i ogie\u0144 trybun! Tak, to <a href=\"https:\/\/pgwear.net\/pl\/feature\/motyw-pyro\/\">Pyro<\/a>! B\u0105d\u017a cz\u0119\u015bci\u0105 ruchu \u2013 POWIEDZ TAK PYRO! Wybierz sw\u00f3j ulubiony wariant kolorystyczny!<\/p>\n","protected":false},"excerpt":{"rendered":"<p>Ta stylowa koszulka pi\u0142karska w stylu retro w trzech r\u00f3\u017cnych kr\u00f3lewskich kombinacjach kolorystycznych po\u015bwi\u0119cona jest czemu\u015b, bez czego ultras nie mog\u0105 \u017cy\u0107.<\/p>\n","protected":false},"featured_media":129016,"template":"","meta":{"_acf_changed":false},"product_brand":[],"product_cat":[376,372],"product_tag":[3839,3277,2125,2789],"class_list":{"0":"post-98844","1":"product","2":"type-product","3":"status-publish","4":"has-post-thumbnail","6":"product_cat-nowosci","7":"product_cat-t-shirty","8":"product_tag-blue-monday","9":"product_tag-ostatnie-sztuki","10":"product_tag-retro","11":"product_tag-wiosna-lato-2024","12":"pa_gramatura-160-gr-m2","13":"pa_kolekcja-wiosna-lato-2024","14":"pa_kolor-czerwony","15":"pa_material-100-poliester","16":"pa_nadruk-nadruk-na-calej-powierzchni","17":"pa_rozmiar-l","18":"pa_rozmiar-m","19":"pa_rozmiar-s","20":"pa_rozmiar-xl","21":"pa_rozmiar-xxl","22":"pa_rozmiar-xxxl","23":"feature-koszulka-pilkarska","24":"feature-motyw-pyro","26":"first","27":"instock","28":"sale","29":"taxable","30":"shipping-taxable","31":"purchasable","32":"product-type-variable"},"acf":[],"_links":{"self":[{"href":"https:\/\/pgwear.net\/pl\/wp-json\/wp\/v2\/product\/98844","targetHints":{"allow":["GET"]}}],"collection":[{"href":"https:\/\/pgwear.net\/pl\/wp-json\/wp\/v2\/product"}],"about":[{"href":"https:\/\/pgwear.net\/pl\/wp-json\/wp\/v2\/types\/product"}],"wp:featuredmedia":[{"embeddable":true,"href":"https:\/\/pgwear.net\/pl\/wp-json\/wp\/v2\/media\/129016"}],"wp:attachment":[{"href":"https:\/\/pgwear.net\/pl\/wp-json\/wp\/v2\/media?parent=98844"}],"wp:term":[{"taxonomy":"product_brand","embeddable":true,"href":"https:\/\/pgwear.net\/pl\/wp-json\/wp\/v2\/product_brand?post=98844"},{"taxonomy":"product_cat","embeddable":true,"href":"https:\/\/pgwear.net\/pl\/wp-json\/wp\/v2\/product_cat?post=98844"},{"taxonomy":"product_tag","embeddable":true,"href":"https:\/\/pgwear.net\/pl\/wp-json\/wp\/v2\/product_tag?post=98844"}],"curies":[{"name":"wp","href":"https:\/\/api.w.org\/{rel}","templated":true}]}}