{"id":98907,"date":"2023-09-14T11:11:01","date_gmt":"2023-09-14T09:11:01","guid":{"rendered":"https:\/\/pgwear.net\/p\/ss24-track-top-leader-zielono-bialy\/"},"modified":"2026-04-08T09:12:29","modified_gmt":"2026-04-08T07:12:29","slug":"track-top-leader-zielono-bialy","status":"publish","type":"product","link":"https:\/\/pgwear.net\/pl\/p\/track-top-leader-zielono-bialy\/","title":{"rendered":"Track Top &#8220;Leader&#8221; Zielono\/Bia\u0142y"},"content":{"rendered":"<p>Kultowa <a href=\"https:\/\/pgwear.net\/pl\/c\/bluzy\/\">bluza<\/a> <a href=\"https:\/\/pgwear.net\/pl\/tag\/retro\/\">retro<\/a> cieszy si\u0119 ogromn\u0105 popularno\u015bci\u0105 w\u015br\u00f3d kibic\u00f3w pi\u0142karskich ju\u017c od lat 80-tych i do dzi\u015b jest ponadczasowym klasykiem! Bluza ta wykonana jest z najwy\u017cszej jako\u015bci materia\u0142u b\u0119d\u0105cego mieszank\u0105 bawe\u0142ny i poliestru. Komfort, ciep\u0142o (w ch\u0142odniejsze wiosenne lub letnie dni) i styl gwarantowany przez PGWEAR! Wybierz wariant bazuj\u0105cy na barwach twojej ulubionej dru\u017cyny pi\u0142karskiej! Ten model jest idealny dla fan\u00f3w klub\u00f3w takich jak <a href=\"https:\/\/pgwear.net\/pl\/druzyna\/fc-groningen\/\">FC Groningen<\/a>, <a href=\"https:\/\/pgwear.net\/pl\/druzyna\/fk-zalgiris\/\">FK \u017dalgiris Vilniaus<\/a>, <a href=\"https:\/\/pgwear.net\/pl\/druzyna\/sk-rapid-wien\/\">SK Rapid Wien<\/a>, Lechia Gda\u0144sk, <a href=\"https:\/\/pgwear.net\/pl\/druzyna\/sporting-cp\/\">Sporting CP<\/a>, <a href=\"https:\/\/pgwear.net\/pl\/druzyna\/viborg-ff\/\">Viborg FF<\/a>, Panathinaikos Athens, Omonoia FC, Celtic Glasgow, FC St Gallen, Real Betis, Saint-\u00c9tienne, Shamrock Rovers.<\/p>\n","protected":false},"excerpt":{"rendered":"<p>Kultowa bluza retro cieszy si\u0119 ogromn\u0105 popularno\u015bci\u0105 w\u015br\u00f3d kibic\u00f3w pi\u0142karskich ju\u017c od lat 80-tych i do dzi\u015b jest ponadczasowym klasykiem!!<\/p>\n","protected":false},"featured_media":128910,"template":"","meta":{"_acf_changed":false},"product_brand":[],"product_cat":[371,376,3492],"product_tag":[2125,2789],"class_list":{"0":"post-98907","1":"product","2":"type-product","3":"status-publish","4":"has-post-thumbnail","6":"product_cat-bluzy","7":"product_cat-nowosci","8":"product_cat-track-topy","9":"product_tag-retro","10":"product_tag-wiosna-lato-2024","11":"pa_gramatura-280-gr-m2","12":"pa_kolekcja-wiosna-lato-2024","13":"pa_kolor-bialy-zielony","14":"pa_kolor-czarny","15":"pa_kroj-klasyczny","16":"pa_material-100-poliester","17":"pa_rozmiar-l","18":"pa_rozmiar-m","19":"pa_rozmiar-s","20":"pa_rozmiar-xl","21":"pa_rozmiar-xxl","22":"pa_rozmiar-xxxl","24":"first","25":"outofstock","26":"taxable","27":"shipping-taxable","28":"product-type-variable"},"acf":[],"_links":{"self":[{"href":"https:\/\/pgwear.net\/pl\/wp-json\/wp\/v2\/product\/98907","targetHints":{"allow":["GET"]}}],"collection":[{"href":"https:\/\/pgwear.net\/pl\/wp-json\/wp\/v2\/product"}],"about":[{"href":"https:\/\/pgwear.net\/pl\/wp-json\/wp\/v2\/types\/product"}],"wp:featuredmedia":[{"embeddable":true,"href":"https:\/\/pgwear.net\/pl\/wp-json\/wp\/v2\/media\/128910"}],"wp:attachment":[{"href":"https:\/\/pgwear.net\/pl\/wp-json\/wp\/v2\/media?parent=98907"}],"wp:term":[{"taxonomy":"product_brand","embeddable":true,"href":"https:\/\/pgwear.net\/pl\/wp-json\/wp\/v2\/product_brand?post=98907"},{"taxonomy":"product_cat","embeddable":true,"href":"https:\/\/pgwear.net\/pl\/wp-json\/wp\/v2\/product_cat?post=98907"},{"taxonomy":"product_tag","embeddable":true,"href":"https:\/\/pgwear.net\/pl\/wp-json\/wp\/v2\/product_tag?post=98907"}],"curies":[{"name":"wp","href":"https:\/\/api.w.org\/{rel}","templated":true}]}}