{"id":9898,"date":"2022-01-26T14:57:24","date_gmt":"2022-01-26T13:57:24","guid":{"rendered":"https:\/\/dev.pgwear.net\/p\/ss22-flaga-acab\/"},"modified":"2026-03-27T12:43:27","modified_gmt":"2026-03-27T11:43:27","slug":"ss22-flaga-acab","status":"publish","type":"product","link":"https:\/\/pgwear.net\/pl\/p\/ss22-flaga-acab\/","title":{"rendered":"Flaga &#8220;ACAB&#8221;"},"content":{"rendered":"<p>Zabierz flag\u0119 \u201eACAB\u201d od PGWEAR na wyjazd lub mecz u siebie. Ten artyku\u0142 idealnie ozdobi p\u0142ot ka\u017cdego stadionu!<\/p>\n","protected":false},"excerpt":{"rendered":"<p>Zabierz flag\u0119 \u201eACAB\u201d od PGWEAR na wyjazd lub mecz u siebie.<\/p>\n","protected":false},"featured_media":12905,"template":"","meta":{"_acf_changed":false},"product_brand":[],"product_cat":[375,3516,376],"product_tag":[],"class_list":{"0":"post-9898","1":"product","2":"type-product","3":"status-publish","4":"has-post-thumbnail","6":"product_cat-akcesoria","7":"product_cat-flagi","8":"product_cat-nowosci","9":"pa_kolekcja-wiosna-lato-2022","10":"pa_kolor-czarny","11":"pa_material-100-poliester","12":"pa_nadruk-nadruk-na-calej-powierzchni","13":"feature-acab","14":"feature-flaga","16":"first","17":"instock","18":"taxable","19":"shipping-taxable","20":"purchasable","21":"product-type-simple"},"acf":[],"_links":{"self":[{"href":"https:\/\/pgwear.net\/pl\/wp-json\/wp\/v2\/product\/9898","targetHints":{"allow":["GET"]}}],"collection":[{"href":"https:\/\/pgwear.net\/pl\/wp-json\/wp\/v2\/product"}],"about":[{"href":"https:\/\/pgwear.net\/pl\/wp-json\/wp\/v2\/types\/product"}],"wp:featuredmedia":[{"embeddable":true,"href":"https:\/\/pgwear.net\/pl\/wp-json\/wp\/v2\/media\/12905"}],"wp:attachment":[{"href":"https:\/\/pgwear.net\/pl\/wp-json\/wp\/v2\/media?parent=9898"}],"wp:term":[{"taxonomy":"product_brand","embeddable":true,"href":"https:\/\/pgwear.net\/pl\/wp-json\/wp\/v2\/product_brand?post=9898"},{"taxonomy":"product_cat","embeddable":true,"href":"https:\/\/pgwear.net\/pl\/wp-json\/wp\/v2\/product_cat?post=9898"},{"taxonomy":"product_tag","embeddable":true,"href":"https:\/\/pgwear.net\/pl\/wp-json\/wp\/v2\/product_tag?post=9898"}],"curies":[{"name":"wp","href":"https:\/\/api.w.org\/{rel}","templated":true}]}}