{"id":9901,"date":"2022-01-26T14:57:26","date_gmt":"2022-01-26T13:57:26","guid":{"rendered":"https:\/\/dev.pgwear.net\/p\/ss22-czapka-basebalowa-mob-navy\/"},"modified":"2026-02-05T08:58:18","modified_gmt":"2026-02-05T07:58:18","slug":"ss22-czapka-basebalowa-mob-navy","status":"publish","type":"product","link":"https:\/\/pgwear.net\/pl\/p\/ss22-czapka-basebalowa-mob-navy\/","title":{"rendered":"Czapka Basebalowa &#8220;Mob&#8221; Navy"},"content":{"rendered":"<p>Casualowa, stylowa czapka z daszkiem pasuje do ka\u017cdego outfitu! Pod warunkiem, \u017ce nie jest to garnitur \u015blubny! \ud83d\ude09 Uzupe\u0142nij swoj\u0105 garderob\u0119 o klasyczn\u0105 czapk\u0119 basebollow\u0105 od PGWEAR, kt\u00f3ra uchroni ci\u0119 przed mocnym s\u0142o\u0144cem i pomo\u017ce ukry\u0107 twarz przed acab lub kamer\u0105. \ud83d\ude09 Czapka dost\u0119pna w czterech kolorach!<\/p>\n","protected":false},"excerpt":{"rendered":"<p>Casualowa, stylowa czapka z daszkiem pasuje do ka\u017cdego outfitu!<\/p>\n","protected":false},"featured_media":12791,"template":"","meta":{"_acf_changed":false},"product_brand":[],"product_cat":[3508,374,376],"product_tag":[1974,3277],"class_list":{"0":"post-9901","1":"product","2":"type-product","3":"status-publish","4":"has-post-thumbnail","6":"product_cat-baseballowe","7":"product_cat-czapki","8":"product_cat-nowosci","9":"product_tag-no-respect","10":"product_tag-ostatnie-sztuki","11":"pa_kolekcja-wiosna-lato-2022","12":"pa_kolor-granatowy","13":"pa_material-100-poliester","14":"feature-czapka-baseballowa","16":"first","17":"outofstock","18":"sale","19":"taxable","20":"shipping-taxable","21":"purchasable","22":"product-type-simple"},"acf":[],"_links":{"self":[{"href":"https:\/\/pgwear.net\/pl\/wp-json\/wp\/v2\/product\/9901","targetHints":{"allow":["GET"]}}],"collection":[{"href":"https:\/\/pgwear.net\/pl\/wp-json\/wp\/v2\/product"}],"about":[{"href":"https:\/\/pgwear.net\/pl\/wp-json\/wp\/v2\/types\/product"}],"wp:featuredmedia":[{"embeddable":true,"href":"https:\/\/pgwear.net\/pl\/wp-json\/wp\/v2\/media\/12791"}],"wp:attachment":[{"href":"https:\/\/pgwear.net\/pl\/wp-json\/wp\/v2\/media?parent=9901"}],"wp:term":[{"taxonomy":"product_brand","embeddable":true,"href":"https:\/\/pgwear.net\/pl\/wp-json\/wp\/v2\/product_brand?post=9901"},{"taxonomy":"product_cat","embeddable":true,"href":"https:\/\/pgwear.net\/pl\/wp-json\/wp\/v2\/product_cat?post=9901"},{"taxonomy":"product_tag","embeddable":true,"href":"https:\/\/pgwear.net\/pl\/wp-json\/wp\/v2\/product_tag?post=9901"}],"curies":[{"name":"wp","href":"https:\/\/api.w.org\/{rel}","templated":true}]}}