{"id":99019,"date":"2023-09-14T11:11:24","date_gmt":"2023-09-14T09:11:24","guid":{"rendered":"https:\/\/pgwear.net\/p\/ss24-softshell-z-kominiarka-aggressive-czarny\/"},"modified":"2026-04-17T13:33:20","modified_gmt":"2026-04-17T11:33:20","slug":"softshell-z-kominiarka-aggressive-czarny","status":"publish","type":"product","link":"https:\/\/pgwear.net\/pl\/p\/softshell-z-kominiarka-aggressive-czarny\/","title":{"rendered":"Softshell z kominiark\u0105 &#8220;Aggressive&#8221; Czarny"},"content":{"rendered":"<p>Zapinana na zamek kurtka typu softshell od PGWEAR jest idealna dla ka\u017cdego, od okazjonalnego bywalca stadionu po zagorza\u0142ego fana pi\u0142ki no\u017cnej i ultrasa! Ta kurtka nie tylko zapewni ciep\u0142o na trybunach w ch\u0142odniejsze lub deszczowe dni, ale tak\u017ce ochroni twarz przed policj\u0105 i kamerami CCTV dzi\u0119ki <a href=\"https:\/\/pgwear.net\/pl\/feature\/wbudowana-kominiarka\/\">wszytej kominiarce<\/a>!<\/p>\n","protected":false},"excerpt":{"rendered":"<p>Zapinana na zamek kurtka typu softshell od PGWEAR jest idealna dla ka\u017cdego, od okazjonalnego bywalca stadionu po zagorza\u0142ego fana pi\u0142ki no\u017cnej i ultrasa!<\/p>\n","protected":false},"featured_media":128617,"template":"","meta":{"_acf_changed":false},"product_brand":[],"product_cat":[376,3485],"product_tag":[2789],"class_list":{"0":"post-99019","1":"product","2":"type-product","3":"status-publish","4":"has-post-thumbnail","6":"product_cat-nowosci","7":"product_cat-softshelle","8":"product_tag-wiosna-lato-2024","9":"pa_gramatura-320gr-m2","10":"pa_kolekcja-wiosna-lato-2024","11":"pa_kolor-czarny","12":"pa_kroj-klasyczny","13":"pa_material-100-poliester","14":"pa_nadruk-logo-drytex-z-tylu","15":"pa_nadruk-odblaskowy-na-prawej-lopatce","16":"pa_rozmiar-l","17":"pa_rozmiar-m","18":"pa_rozmiar-s","19":"pa_rozmiar-xl","20":"pa_rozmiar-xxl","21":"pa_rozmiar-xxxl","22":"feature-wbudowana-kominiarka","24":"first","25":"instock","26":"taxable","27":"shipping-taxable","28":"purchasable","29":"product-type-variable"},"acf":[],"_links":{"self":[{"href":"https:\/\/pgwear.net\/pl\/wp-json\/wp\/v2\/product\/99019","targetHints":{"allow":["GET"]}}],"collection":[{"href":"https:\/\/pgwear.net\/pl\/wp-json\/wp\/v2\/product"}],"about":[{"href":"https:\/\/pgwear.net\/pl\/wp-json\/wp\/v2\/types\/product"}],"wp:featuredmedia":[{"embeddable":true,"href":"https:\/\/pgwear.net\/pl\/wp-json\/wp\/v2\/media\/128617"}],"wp:attachment":[{"href":"https:\/\/pgwear.net\/pl\/wp-json\/wp\/v2\/media?parent=99019"}],"wp:term":[{"taxonomy":"product_brand","embeddable":true,"href":"https:\/\/pgwear.net\/pl\/wp-json\/wp\/v2\/product_brand?post=99019"},{"taxonomy":"product_cat","embeddable":true,"href":"https:\/\/pgwear.net\/pl\/wp-json\/wp\/v2\/product_cat?post=99019"},{"taxonomy":"product_tag","embeddable":true,"href":"https:\/\/pgwear.net\/pl\/wp-json\/wp\/v2\/product_tag?post=99019"}],"curies":[{"name":"wp","href":"https:\/\/api.w.org\/{rel}","templated":true}]}}