{"id":99026,"date":"2023-09-14T11:11:25","date_gmt":"2023-09-14T09:11:25","guid":{"rendered":"https:\/\/pgwear.net\/p\/ss24-kurtka-z-kominiarka-force-czarna\/"},"modified":"2026-03-06T12:13:55","modified_gmt":"2026-03-06T11:13:55","slug":"kurtka-z-kominiarka-force-czarna","status":"publish","type":"product","link":"https:\/\/pgwear.net\/pl\/p\/kurtka-z-kominiarka-force-czarna\/","title":{"rendered":"Kurtka z kominiark\u0105 &#8220;Force&#8221; Czarna"},"content":{"rendered":"<p>Lekka i \u0142atwa do spakowania <a href=\"https:\/\/pgwear.net\/pl\/c\/kurtki\/\">kurtka<\/a> w stylu anorak to obowi\u0105zkowy element garderoby ka\u017cdego ultrasa, casuals lub zwyk\u0142ego fana pi\u0142ki no\u017cnej! Posiada <a href=\"https:\/\/pgwear.net\/pl\/feature\/duza-kieszen\/\">obszern\u0105 kiesze\u0144 z przodu<\/a>, dzi\u0119ki kt\u00f3rej mo\u017cesz zabra\u0107 ze sob\u0105 wszystko, czego potrzebujesz na trybunach. Ozdobiona ma\u0142ymi logo PGWEAR z przodu i na ramionach, produkt ten zapewnia styl i wygod\u0119 w ch\u0142odniejsze dni na ulicy i na stadionie! Dost\u0119pna w dw\u00f3ch wersjach kolorystycznych.<\/p>\n","protected":false},"excerpt":{"rendered":"<p>Lekka i \u0142atwa do spakowania kurtka w stylu anorak to obowi\u0105zkowy element garderoby ka\u017cdego ultrasa, casuals lub zwyk\u0142ego fana pi\u0142ki no\u017cnej!<\/p>\n","protected":false},"featured_media":128587,"template":"","meta":{"_acf_changed":false},"product_brand":[],"product_cat":[366,3484,376],"product_tag":[3277,2789],"class_list":{"0":"post-99026","1":"product","2":"type-product","3":"status-publish","4":"has-post-thumbnail","6":"product_cat-kurtki","7":"product_cat-kurtki-przejsciowe","8":"product_cat-nowosci","9":"product_tag-ostatnie-sztuki","10":"product_tag-wiosna-lato-2024","11":"pa_gramatura-100-gr-m2","12":"pa_kolekcja-wiosna-lato-2024","13":"pa_kolor-czarny","14":"pa_kroj-klasyczny","15":"pa_material-100-poliester","16":"pa_nadruk-nadruk-pgwear","17":"pa_rozmiar-l","18":"pa_rozmiar-m","19":"pa_rozmiar-s","20":"pa_rozmiar-xl","21":"pa_rozmiar-xxl","22":"pa_rozmiar-xxxl","23":"feature-duza-kieszen","25":"first","26":"outofstock","27":"taxable","28":"shipping-taxable","29":"product-type-variable"},"acf":[],"_links":{"self":[{"href":"https:\/\/pgwear.net\/pl\/wp-json\/wp\/v2\/product\/99026","targetHints":{"allow":["GET"]}}],"collection":[{"href":"https:\/\/pgwear.net\/pl\/wp-json\/wp\/v2\/product"}],"about":[{"href":"https:\/\/pgwear.net\/pl\/wp-json\/wp\/v2\/types\/product"}],"wp:featuredmedia":[{"embeddable":true,"href":"https:\/\/pgwear.net\/pl\/wp-json\/wp\/v2\/media\/128587"}],"wp:attachment":[{"href":"https:\/\/pgwear.net\/pl\/wp-json\/wp\/v2\/media?parent=99026"}],"wp:term":[{"taxonomy":"product_brand","embeddable":true,"href":"https:\/\/pgwear.net\/pl\/wp-json\/wp\/v2\/product_brand?post=99026"},{"taxonomy":"product_cat","embeddable":true,"href":"https:\/\/pgwear.net\/pl\/wp-json\/wp\/v2\/product_cat?post=99026"},{"taxonomy":"product_tag","embeddable":true,"href":"https:\/\/pgwear.net\/pl\/wp-json\/wp\/v2\/product_tag?post=99026"}],"curies":[{"name":"wp","href":"https:\/\/api.w.org\/{rel}","templated":true}]}}