{"id":9919,"date":"2022-01-26T14:57:56","date_gmt":"2022-01-26T13:57:56","guid":{"rendered":"https:\/\/dev.pgwear.net\/p\/ss22-spodnie-light-cargo-stage-khaki\/"},"modified":"2026-03-16T12:53:35","modified_gmt":"2026-03-16T11:53:35","slug":"ss22-spodnie-light-cargo-stage-khaki","status":"publish","type":"product","link":"https:\/\/pgwear.net\/pl\/p\/ss22-spodnie-light-cargo-stage-khaki\/","title":{"rendered":"Spodnie Light Cargo &#8220;Stage&#8221; Khaki"},"content":{"rendered":"<p>Bez wzgl\u0119du na to, kim jeste\u015b: football casual, fanatycznym ultrasem lub stadionowym chuliganem tradycyjne boj\u00f3wki to element, kt\u00f3ry musisz mie\u0107 w swojej garderobie! Tym razem PGWEAR prezentuje lekk\u0105 wersj\u0119 klasycznych spodni cargo dedykowan\u0105 na ch\u0142odniejsze wiosenno-letnie dni. Dost\u0119pne w trzech wersjach kolorystycznych.<\/p>\n","protected":false},"excerpt":{"rendered":"<p>Bez wzgl\u0119du na to, kim jeste\u015b: football casual, fanatycznym ultrasem lub stadionowym chuliganem tradycyjne boj\u00f3wki to element, kt\u00f3ry musisz mie\u0107 w swojej garderobie!<\/p>\n","protected":false},"featured_media":12610,"template":"","meta":{"_acf_changed":false},"product_brand":[],"product_cat":[3500,376,373],"product_tag":[3277],"class_list":{"0":"post-9919","1":"product","2":"type-product","3":"status-publish","4":"has-post-thumbnail","6":"product_cat-cargo","7":"product_cat-nowosci","8":"product_cat-spodnie","9":"product_tag-ostatnie-sztuki","10":"pa_gramatura-160-gr-m2","11":"pa_kolekcja-wiosna-lato-2022","12":"pa_kolor-khaki","13":"pa_material-100-bawelna","14":"pa_rozmiar-l","15":"pa_rozmiar-m","16":"pa_rozmiar-s","17":"pa_rozmiar-xl","18":"pa_rozmiar-xxl","19":"pa_rozmiar-xxxl","20":"feature-bojowki","22":"first","23":"instock","24":"sale","25":"taxable","26":"shipping-taxable","27":"purchasable","28":"product-type-variable"},"acf":[],"_links":{"self":[{"href":"https:\/\/pgwear.net\/pl\/wp-json\/wp\/v2\/product\/9919","targetHints":{"allow":["GET"]}}],"collection":[{"href":"https:\/\/pgwear.net\/pl\/wp-json\/wp\/v2\/product"}],"about":[{"href":"https:\/\/pgwear.net\/pl\/wp-json\/wp\/v2\/types\/product"}],"wp:featuredmedia":[{"embeddable":true,"href":"https:\/\/pgwear.net\/pl\/wp-json\/wp\/v2\/media\/12610"}],"wp:attachment":[{"href":"https:\/\/pgwear.net\/pl\/wp-json\/wp\/v2\/media?parent=9919"}],"wp:term":[{"taxonomy":"product_brand","embeddable":true,"href":"https:\/\/pgwear.net\/pl\/wp-json\/wp\/v2\/product_brand?post=9919"},{"taxonomy":"product_cat","embeddable":true,"href":"https:\/\/pgwear.net\/pl\/wp-json\/wp\/v2\/product_cat?post=9919"},{"taxonomy":"product_tag","embeddable":true,"href":"https:\/\/pgwear.net\/pl\/wp-json\/wp\/v2\/product_tag?post=9919"}],"curies":[{"name":"wp","href":"https:\/\/api.w.org\/{rel}","templated":true}]}}