{"id":9982,"date":"2022-01-26T14:58:01","date_gmt":"2022-01-26T13:58:01","guid":{"rendered":"https:\/\/dev.pgwear.net\/p\/ss22-t-shirt-acab-worldwide\/"},"modified":"2026-04-30T14:09:28","modified_gmt":"2026-04-30T12:09:28","slug":"ss22-t-shirt-acab-worldwide","status":"publish","type":"product","link":"https:\/\/pgwear.net\/pl\/p\/ss22-t-shirt-acab-worldwide\/","title":{"rendered":"T-shirt &#8220;ACAB Worldwide&#8221;"},"content":{"rendered":"<p>Od pocz\u0105tku swojego istnienia PGWEAR s\u0142ynie z konkretnych wzor\u00f3w nawi\u0105zuj\u0105cych do <a href=\"https:\/\/pgwear.net\/pl\/feature\/napis-ultras\/\">kultury ultras<\/a>. Ta koszulka nie jest wyj\u0105tkiem! Reprezentuje ide\u0119 ruchu ultras, kt\u00f3ra jednoczy nas ponad wszystkie okoliczno\u015bci &#8211; <a href=\"https:\/\/pgwear.net\/pl\/feature\/acab\/\">ACAB WORLDWIDE<\/a>! Na zawsze! <a href=\"https:\/\/pgwear.net\/pl\/feature\/1312\/\">1312<\/a>!<\/p>\n","protected":false},"excerpt":{"rendered":"<p>Od pocz\u0105tku swojego istnienia PGWEAR s\u0142ynie z konkretnych wzor\u00f3w nawi\u0105zuj\u0105cych do kultury ultras.<\/p>\n","protected":false},"featured_media":12182,"template":"","meta":{"_acf_changed":false},"product_brand":[],"product_cat":[372],"product_tag":[3277],"class_list":{"0":"post-9982","1":"product","2":"type-product","3":"status-publish","4":"has-post-thumbnail","6":"product_cat-t-shirty","7":"product_tag-ostatnie-sztuki","8":"pa_gramatura-180-gr-m2","9":"pa_kolekcja-wiosna-lato-2022","10":"pa_kolor-czarny","11":"pa_kroj-klasyczny","12":"pa_material-100-bawelna","13":"pa_nadruk-duzy-nadruk-na-klatce-piersiowej","14":"pa_rozmiar-l","15":"pa_rozmiar-m","16":"pa_rozmiar-s","17":"pa_rozmiar-xl","18":"pa_rozmiar-xxl","19":"pa_rozmiar-xxxl","20":"feature-acab","22":"first","23":"instock","24":"sale","25":"taxable","26":"shipping-taxable","27":"purchasable","28":"product-type-variable"},"acf":[],"_links":{"self":[{"href":"https:\/\/pgwear.net\/pl\/wp-json\/wp\/v2\/product\/9982","targetHints":{"allow":["GET"]}}],"collection":[{"href":"https:\/\/pgwear.net\/pl\/wp-json\/wp\/v2\/product"}],"about":[{"href":"https:\/\/pgwear.net\/pl\/wp-json\/wp\/v2\/types\/product"}],"wp:featuredmedia":[{"embeddable":true,"href":"https:\/\/pgwear.net\/pl\/wp-json\/wp\/v2\/media\/12182"}],"wp:attachment":[{"href":"https:\/\/pgwear.net\/pl\/wp-json\/wp\/v2\/media?parent=9982"}],"wp:term":[{"taxonomy":"product_brand","embeddable":true,"href":"https:\/\/pgwear.net\/pl\/wp-json\/wp\/v2\/product_brand?post=9982"},{"taxonomy":"product_cat","embeddable":true,"href":"https:\/\/pgwear.net\/pl\/wp-json\/wp\/v2\/product_cat?post=9982"},{"taxonomy":"product_tag","embeddable":true,"href":"https:\/\/pgwear.net\/pl\/wp-json\/wp\/v2\/product_tag?post=9982"}],"curies":[{"name":"wp","href":"https:\/\/api.w.org\/{rel}","templated":true}]}}